{"id":719,"date":"2013-01-06T12:43:15","date_gmt":"2013-01-06T12:43:15","guid":{"rendered":"http:\/\/artstudioworks.net\/wordpress\/energy\/?page_id=13"},"modified":"2019-06-12T14:38:03","modified_gmt":"2019-06-12T12:38:03","slug":"home","status":"publish","type":"page","link":"https:\/\/renowacja.katedraopolska.pl\/en\/","title":{"rendered":"Start"},"content":{"rendered":"[vc_row full_width=\"stretch_row_content_no_spaces\"][vc_column][rev_slider_vc alias=\"renowacja-en\"][\/vc_column][\/vc_row][vc_row css=\".vc_custom_1403688711058{padding-top: 50px !important;padding-bottom: 50px !important;}\"][vc_column width=\"1\/4\"]<div class=\"iconbox text_center non_framed top_icon_circle\" style=\"\"><div class=\"top_icon_circle aligncenter\"><a href=\"https:\/\/renowacja.katedraopolska.pl\/przed-renowacja\/\" target=\"_self\"><i class=\"icon fa fa fa-check standard circle\" style=\"color:#ffffff; background-color:#516fb4; border-color:#516fb4;\"><\/i><\/a><h3>Before Renovation <\/h3><\/div><div class=\"excerpt\"><\/div><\/div>[\/vc_column][vc_column width=\"1\/4\"]<div class=\"iconbox text_center non_framed top_icon_circle\" style=\"\"><div class=\"top_icon_circle aligncenter\"><a href=\"https:\/\/renowacja.katedraopolska.pl\/wykaz-projektow\/\" target=\"_self\"><i class=\"icon fa fa fa-check standard circle\" style=\"color:#ffffff; background-color:#516fb4; border-color:#516fb4;\"><\/i><\/a><h3>List of Projects <\/h3><\/div><div class=\"excerpt\"><\/div><\/div>[\/vc_column][vc_column width=\"1\/4\"]<div class=\"iconbox text_center non_framed top_icon_circle\" style=\"\"><div class=\"top_icon_circle aligncenter\"><a href=\"https:\/\/renowacja.katedraopolska.pl\/zakres-prac\/\" target=\"_self\"><i class=\"icon fa fa fa-check standard circle\" style=\"color:#ffffff; background-color:#516fb4; border-color:#516fb4;\"><\/i><\/a><h3>Scope of the Works <\/h3><\/div><div class=\"excerpt\"><\/div><\/div>[\/vc_column][vc_column width=\"1\/4\"]<div class=\"iconbox text_center non_framed top_icon_circle\" style=\"\"><div class=\"top_icon_circle aligncenter\"><a href=\"https:\/\/renowacja.katedraopolska.pl\/biuro-prasowe\/\" target=\"_self\"><i class=\"icon fa fa fa-check standard circle\" style=\"color:#ffffff; background-color:#516fb4; border-color:#516fb4;\"><\/i><\/a><h3>Press Office<\/h3><\/div><div class=\"excerpt\"><\/div><\/div>[\/vc_column][\/vc_row][vc_row css=\".vc_custom_1517323641482{padding-top: 65px !important;padding-bottom: 40px !important;background-color: #f2f2f2 !important;}\"][vc_column]<div class=\"separator_block center\" style=\"margin-bottom:25px;\"><h3>Chronicle of events<\/h3><div class=\"separator short\"><div class=\"separator_line\"><\/div><\/div><div class=\"clearfix\"><\/div><\/div><script type=\"text\/javascript\">\n          (function($){\n            $(window).load(function() {\n              $(\"#flexslider-blog-1\").flexslider({\n                animation: \"slide\",\n                slideshow: true,\n                smoothHeight : true,\n                directionNav: true,\n                controlNav: false,\n                itemMargin: 31,\n                itemWidth: 270,\n                minItems: 1,\n                maxItems: 4\n              });\n            });\n          })(jQuery);\n          <\/script><div id=\"flexslider-blog-1\" class=\"flexslider-blog\"><ul class=\"slides\"><li><div class=\"blog-item\"><figure class=\"thumbnail\"><img decoding=\"async\" src=\"https:\/\/renowacja.katedraopolska.pl\/wp-content\/uploads\/2021\/12\/002-202111282039-470x240.jpg\" alt=\"\"\/><\/figure><div class=\"blog-item-description\"><h6><a href=\"https:\/\/renowacja.katedraopolska.pl\/en\/2021\/12\/07\/dziekujemy-za-udzial-w-xiii-koncercie\/\" title=\"(Polski) Dzi\u0119kujemy za udzia\u0142 w XIII koncercie\">(Polski) Dzi\u0119kujemy za udzia\u0142 w XIII koncercie<\/a><\/h6><div class=\"date\"><span>December 7, 2021<\/span><\/div><div class=\"blog-item-excerpt\"><p class=\"qtranxs-available-languages-message qtranxs-available-languages-message-en\">Sorry, this entry is. <\/div><\/div><\/div><\/li><li><div class=\"blog-item\"><figure class=\"thumbnail\"><img decoding=\"async\" src=\"https:\/\/renowacja.katedraopolska.pl\/wp-content\/uploads\/2021\/11\/plakat_katedra_koncert_13-4x3-470x240.jpg\" alt=\"\"\/><\/figure><div class=\"blog-item-description\"><h6><a href=\"https:\/\/renowacja.katedraopolska.pl\/en\/2021\/11\/23\/xiii-koncert-z-serii-organowe-inspiracje\/\" title=\"(Polski) XIII koncert z serii Organowe Inspiracje\">(Polski) XIII koncert z serii Organowe Inspiracje<\/a><\/h6><div class=\"date\"><span>November 23, 2021<\/span><\/div><div class=\"blog-item-excerpt\"><p class=\"qtranxs-available-languages-message qtranxs-available-languages-message-en\">Sorry, this entry is. <\/div><\/div><\/div><\/li><li><div class=\"blog-item\"><figure class=\"thumbnail\"><img decoding=\"async\" src=\"https:\/\/renowacja.katedraopolska.pl\/wp-content\/uploads\/2021\/10\/plakat_katedra_koncert_12-16x9-470x240.jpg\" alt=\"\"\/><\/figure><div class=\"blog-item-description\"><h6><a href=\"https:\/\/renowacja.katedraopolska.pl\/en\/2021\/10\/20\/xii-koncert-z-serii-organowe-inspiracje\/\" title=\"(Polski) XII koncert z serii Organowe Inspiracje\">(Polski) XII koncert z serii Organowe Inspiracje<\/a><\/h6><div class=\"date\"><span>October 20, 2021<\/span><\/div><div class=\"blog-item-excerpt\"><p class=\"qtranxs-available-languages-message qtranxs-available-languages-message-en\">Sorry, this entry is. <\/div><\/div><\/div><\/li><li><div class=\"blog-item\"><figure class=\"thumbnail\"><img decoding=\"async\" src=\"https:\/\/renowacja.katedraopolska.pl\/wp-content\/uploads\/2021\/09\/000-202109281512-470x240.jpg\" alt=\"\"\/><\/figure><div class=\"blog-item-description\"><h6><a href=\"https:\/\/renowacja.katedraopolska.pl\/en\/2021\/09\/28\/dziekujemy-za-udzial-w-xi-koncercie\/\" title=\"(Polski) Dzi\u0119kujemy za udzia\u0142 w XI koncercie\">(Polski) Dzi\u0119kujemy za udzia\u0142 w XI koncercie<\/a><\/h6><div class=\"date\"><span>September 28, 2021<\/span><\/div><div class=\"blog-item-excerpt\"><p class=\"qtranxs-available-languages-message qtranxs-available-languages-message-en\">Sorry, this entry is. <\/div><\/div><\/div><\/li><li><div class=\"blog-item\"><figure class=\"thumbnail\"><img decoding=\"async\" src=\"https:\/\/renowacja.katedraopolska.pl\/wp-content\/uploads\/2021\/09\/plakat_katedra_koncert_11-16x9-2-470x240.jpg\" alt=\"\"\/><\/figure><div class=\"blog-item-description\"><h6><a href=\"https:\/\/renowacja.katedraopolska.pl\/en\/2021\/09\/22\/xi-koncert-z-serii-organowe-inspiracje\/\" title=\"(Polski) XI koncert z serii Organowe Inspiracje\">(Polski) XI koncert z serii Organowe Inspiracje<\/a><\/h6><div class=\"date\"><span>September 22, 2021<\/span><\/div><div class=\"blog-item-excerpt\"><p class=\"qtranxs-available-languages-message qtranxs-available-languages-message-en\">Sorry, this entry is. <\/div><\/div><\/div><\/li><\/ul><\/div>[\/vc_column][\/vc_row][vc_row css=\".vc_custom_1513346169791{padding-top: 65px !important;padding-bottom: 40px !important;background-color: #f9f9f9 !important;}\"][vc_column]<div class=\"separator_block center\" style=\"margin-bottom:25px;\"><h3>CURRENT SCOPE OF THE WORKS<\/h3><div class=\"separator short\"><div class=\"separator_line\"><\/div><\/div><div class=\"clearfix\"><\/div><\/div><div class=\"row no-margin\"><div id=\"portfolio-wrap-2\"><div class=\"term-main span4 portfolio-item no-margin \"><div class=\"portfolio-pic\"><img decoding=\"async\" src=\"https:\/\/renowacja.katedraopolska.pl\/wp-content\/uploads\/2018\/01\/korpus-470x340.jpg\" \/><div class=\"portfolio-overlay\"><a href=\"https:\/\/renowacja.katedraopolska.pl\/en\/portfolio-item\/elewacje-zewnetrzne-i-epitafia\/\" title=\"Fa\u00e7ades and epitaphs\"><span class=\"overlay-link\"><i class=\"fa fa-share-square-o\"><\/i><\/span><\/a><\/div><\/div><div class=\"portfolio-title\"><a href=\"https:\/\/renowacja.katedraopolska.pl\/en\/portfolio-item\/elewacje-zewnetrzne-i-epitafia\/\" title=\"Fa\u00e7ades and epitaphs\">Fa\u00e7ades and epitaphs<\/a><\/div><\/div><div class=\"term-main span4 portfolio-item no-margin \"><div class=\"portfolio-pic\"><img decoding=\"async\" src=\"https:\/\/renowacja.katedraopolska.pl\/wp-content\/uploads\/2014\/01\/wn\u0119trze-470x340.jpg\" \/><div class=\"portfolio-overlay\"><a href=\"https:\/\/renowacja.katedraopolska.pl\/en\/portfolio-item\/wnetrze-katedry\/\" title=\"Interior of the Cathedral\"><span class=\"overlay-link\"><i class=\"fa fa-share-square-o\"><\/i><\/span><\/a><\/div><\/div><div class=\"portfolio-title\"><a href=\"https:\/\/renowacja.katedraopolska.pl\/en\/portfolio-item\/wnetrze-katedry\/\" title=\"Interior of the Cathedral\">Interior of the Cathedral<\/a><\/div><\/div><div class=\"term-main span4 portfolio-item no-margin \"><div class=\"portfolio-pic\"><img decoding=\"async\" src=\"https:\/\/renowacja.katedraopolska.pl\/wp-content\/uploads\/2018\/02\/MG_1125-470x340.jpg\" \/><div class=\"portfolio-overlay\"><a href=\"https:\/\/renowacja.katedraopolska.pl\/en\/portfolio-item\/kaplica-nepomucena\/\" title=\"Chapel of St. Jan Nepomuk\"><span class=\"overlay-link\"><i class=\"fa fa-share-square-o\"><\/i><\/span><\/a><\/div><\/div><div class=\"portfolio-title\"><a href=\"https:\/\/renowacja.katedraopolska.pl\/en\/portfolio-item\/kaplica-nepomucena\/\" title=\"Chapel of St. Jan Nepomuk\">Chapel of St. Jan Nepomuk<\/a><\/div><\/div><\/div><\/div>[\/vc_column][\/vc_row][vc_row css=\".vc_custom_1403692055105{padding-top: 50px !important;padding-bottom: 50px !important;}\"][vc_column width=\"1\/2\" css=\".vc_custom_1403693981938{background-position: 0 0 !important;background-repeat: no-repeat !important;}\"][vc_single_image image=\"5272\" img_size=\"full\" alignment=\"center\" css_animation=\"left-to-right\" css=\".vc_custom_1518690758159{padding-top: 50px !important;}\"][\/vc_column][vc_column width=\"1\/2\" css=\".vc_custom_1513346096846{padding-top: 30px !important;}\"]<div class=\"separator_block left\" style=\"margin-bottom:30px;\"><h3>Support the renovation of the Cathedral <\/h3><div class=\"separator short\"><div class=\"separator_line\"><\/div><\/div><div class=\"clearfix\"><\/div><\/div>[vc_column_text css_animation=\"right-to-left\"]For many years now, the Cathedral Parish devoted to the Exaltation of the Holy Cross has undertaken numerous repair works out of concern for the historic temple. In order to intensify their effectiveness, on 1 January 2015 the Restoration Chapter for the Cathedral in Opole was established, whose goal is to support the activities promoting the renovation of the church.<\/p>\n<p><strong>Contributions for the renovation of the Cathedral can be transferred to the following bank account:<\/strong><br \/>\nParafia Katedralna pw. Podwy\u017cszenia Krzy\u017ca \u015awi\u0119tego, pl. Katedralny 2, 45-005 Opole.<\/p>\n<h4>Bank BG\u017b S.A. in Opole<strong><br \/>\n<span style=\"color: #516fb4;\">BANK ACCOUNT NUMBER: 91 2030 0045 1110 0000 0276 5780<br \/>\nIBAN: PL 04 2030 0045 3110 0000 0031 2380<br \/>\n<\/span><\/strong><\/h4>\n<h5><strong>SWIFT (BIC): GOPZPLPW<\/strong><\/h5>\n<p><strong>Transfer title :<\/strong> \u201e<em>Donation for religious cult purposes \u2013 renovation of the Cathedral in Opole<\/em>\u201d<\/p>\n<p>A Holy Mass for the intention of the donors and all of those supporting the work of the renewal of the Cathedral in Opole is held every Saturday at 07:00.[\/vc_column_text][\/vc_column][\/vc_row][vc_row css=\".vc_custom_1515058111005{margin-bottom: 0px !important;padding-top: 50px !important;padding-bottom: 20px !important;background-color: #ffd962 !important;}\"][vc_column][vc_column_text]\n<h3 style=\"text-align: center; font-size: 36px;\"><span style=\"color: #ffffff;\">OUT OF RESPECT FOR THE PAST,<span style=\"color: #516fb4;\"> LET'S TAKE CARE OF THE FUTURE<\/span><\/span><\/h3>\n[\/vc_column_text][\/vc_column][\/vc_row]","protected":false},"excerpt":{"rendered":"<p>Renowacja Kaplicy \u015bw. Jana Nepomucena<\/p>\n<p>Rozw\u00f3j wsp\u00f3\u0142pracy transgranicznej przy odnowie katedry w Ostrawie i w Opolu<\/p>\n<p>Jan Nepomucen (ur. ok. 1350 w Pomuku, obecnie Nepomuk, zm. 20 marca 1393 w Pradze) \u2013 prezbiter, spowiednik Zofii Bawarskiej, m\u0119czennik i \u015bwi\u0119ty Ko\u015bcio\u0142a katolickiego. Oko\u0142o 1380 przyj\u0105\u0142 \u015bwi\u0119cenia kap\u0142a\u0144skie i zosta\u0142 kanonikiem przy katedrze \u015bw. Wita, Wac\u0142awa i Wojciecha w Hradczanach. W zwi\u0105zku z zatargiem mi\u0119dzy kr\u00f3lem Czech Wac\u0142awem IV<br \/>\na arcybiskupem, Jan Nepomucen popad\u0142 w nie\u0142ask\u0119 w\u0142adcy i w 1393 zosta\u0142 uwi\u0119ziony. Nast\u0119pnie zrzucono go z mostu Karola do rzeki We\u0142tawy. Jan Nepomucen zosta\u0142 beatyfikowany<\/p>\n","protected":false},"author":1,"featured_media":0,"parent":720,"menu_order":0,"comment_status":"closed","ping_status":"closed","template":"page-fullwidth.php","meta":{"_acf_changed":false,"footnotes":""},"class_list":["post-719","page","type-page","status-publish","hentry"],"acf":[],"_links":{"self":[{"href":"https:\/\/renowacja.katedraopolska.pl\/en\/wp-json\/wp\/v2\/pages\/719","targetHints":{"allow":["GET"]}}],"collection":[{"href":"https:\/\/renowacja.katedraopolska.pl\/en\/wp-json\/wp\/v2\/pages"}],"about":[{"href":"https:\/\/renowacja.katedraopolska.pl\/en\/wp-json\/wp\/v2\/types\/page"}],"author":[{"embeddable":true,"href":"https:\/\/renowacja.katedraopolska.pl\/en\/wp-json\/wp\/v2\/users\/1"}],"replies":[{"embeddable":true,"href":"https:\/\/renowacja.katedraopolska.pl\/en\/wp-json\/wp\/v2\/comments?post=719"}],"version-history":[{"count":82,"href":"https:\/\/renowacja.katedraopolska.pl\/en\/wp-json\/wp\/v2\/pages\/719\/revisions"}],"predecessor-version":[{"id":6091,"href":"https:\/\/renowacja.katedraopolska.pl\/en\/wp-json\/wp\/v2\/pages\/719\/revisions\/6091"}],"up":[{"embeddable":true,"href":"https:\/\/renowacja.katedraopolska.pl\/en\/wp-json\/wp\/v2\/pages\/720"}],"wp:attachment":[{"href":"https:\/\/renowacja.katedraopolska.pl\/en\/wp-json\/wp\/v2\/media?parent=719"}],"curies":[{"name":"wp","href":"https:\/\/api.w.org\/{rel}","templated":true}]}}