{"id":5231,"date":"2017-12-15T11:23:31","date_gmt":"2017-12-15T10:23:31","guid":{"rendered":"https:\/\/renowacja.katedraopolska.pl\/?page_id=5231"},"modified":"2020-08-18T13:58:54","modified_gmt":"2020-08-18T11:58:54","slug":"wykaz-projektow","status":"publish","type":"page","link":"https:\/\/renowacja.katedraopolska.pl\/en\/wykaz-projektow\/","title":{"rendered":"List of Projects"},"content":{"rendered":"[vc_row css=\".vc_custom_1515055012696{padding-top: 50px !important;}\"][vc_column]<div class=\"separator_block center\" style=\"margin-bottom:30px;\"><h3>Wykaz projekt\u00f3w realizowanych przez Parafi\u0119 Katedraln\u0105<\/h3><div class=\"separator short\"><div class=\"separator_line\"><\/div><\/div><div class=\"clearfix\"><\/div><\/div>[vc_column_text css=\".vc_custom_1518008752500{margin-bottom: 40px !important;}\"]\n<h4 style=\"text-align: center;\"><span style=\"color: #3366ff;\">\u00a0<a href=\"https:\/\/renowacja.katedraopolska.pl\/wp-content\/uploads\/2018\/02\/Katedra-Opolska-KIW-prezentacja-dla-gmin.pdf\" target=\"_self\" class=\"button  default large simple alignnone\" > PREZENTACJA NR 1 <\/a><\/span><\/h4>\n<p>&nbsp;<\/p>\n<p>W 2015 r. Parafia Katedralna rozpocz\u0119\u0142a kompleksow\u0105 realizacj\u0119 prac renowacyjnych i konserwatorskich maj\u0105cych na celu doprowadzenie elewacji i wn\u0119trza \u015bwi\u0105tyni do prawid\u0142owego stanu technicznego, podniesienie bezpiecze\u0144stwa i estetyki ko\u015bcio\u0142a oraz zachowanie jego materialnego dziedzictwa kulturowego i historycznego.<\/p>\n<p>Wa\u017cnym zapleczem finansowym w tym wzgl\u0119dzie s\u0105 \u015brodki finansowe pozyskane z dotacji oraz darowizn os\u00f3b i podmiot\u00f3w zaanga\u017cowanych w to wielkie dzie\u0142o. Wykaz realizowanych projekt\u00f3w przedstawia si\u0119 nast\u0119puj\u0105co:[\/vc_column_text][\/vc_column][\/vc_row][vc_row][vc_column][vc_single_image image=\"5940\" img_size=\"full\"][\/vc_column][\/vc_row][vc_row css=\".vc_custom_1403683187490{padding-top: 50px !important;padding-bottom: 60px !important;}\"][vc_column width=\"1\/2\"]<div class=\"separator_block left\" style=\"margin-bottom:30px;\"><h3>Realizacja projekt\u00f3w<\/h3><div class=\"separator short\"><div class=\"separator_line\"><\/div><\/div><div class=\"clearfix\"><\/div><\/div>[vc_column_text css=\".vc_custom_1517992258027{margin-bottom: 40px !important;}\"]Opracowanie wniosk\u00f3w o dotacje oraz koordynacja projekt\u00f3w wraz z ich rozliczeniem realizowana jest przez Biuro Koordynacji Projekt\u00f3w Diecezji Opolskiej.<\/p>\n<p><strong>Kontakt:<\/strong><\/p>\n<p>Beata Balicka-B\u0142agitka \u2013 dyrektor Biura<br \/>\nAgnieszka W\u0119siora \u2013 wicedyrektor Biura<br \/>\ne-mail: <a href=\"mailto:biuroprojektow@diecezja.opole.pl\">biuroprojektow@diecezja.opole.pl<\/a><\/p>\n<p>Wszystkie zako\u0144czone prace zosta\u0142y protokolarnie odebrane przez cz\u0142onk\u00f3w Komisji Konserwatorskiej i zatwierdzone przez Wojew\u00f3dzkiego Konserwatora Zabytk\u00f3w w Opolu. Realizacja projekt\u00f3w przebiega\u0142a zgodnie z zakresem rzeczowym i harmonogramem. Projekty zosta\u0142y rozliczone w spos\u00f3b prawid\u0142owy.[\/vc_column_text][\/vc_column][vc_column width=\"1\/2\" css=\".vc_custom_1515055296402{padding-top: 20px !important;}\"][vc_single_image image=\"5333\" img_size=\"full\" alignment=\"right\"][\/vc_column][\/vc_row][vc_row css=\".vc_custom_1515058111005{margin-bottom: 0px !important;padding-top: 50px !important;padding-bottom: 20px !important;background-color: #ffd962 !important;}\"][vc_column][vc_column_text]\n<h3 style=\"text-align: center; font-size: 36px;\"><span style=\"color: #ffffff;\">Out of respect for the past, <span style=\"color: #516fb4;\">let's take care of the future<\/span><\/span><\/h3>\n[\/vc_column_text][\/vc_column][\/vc_row]","protected":false},"excerpt":{"rendered":"<p>[vc_row css=&#8221;.vc_custom_1515055012696{padding-top: 50px !important;}&#8221;][vc_column][vc_column_text css=&#8221;.vc_custom_1518008752500{margin-bottom: 40px !important;}&#8221;]<br \/>\n\u00a0<\/p>\n<p>&nbsp;<\/p>\n<p>W 2015 r. Parafia Katedralna rozpocz\u0119\u0142a kompleksow\u0105 realizacj\u0119 prac renowacyjnych i konserwatorskich maj\u0105cych na celu doprowadzenie elewacji i wn\u0119trza \u015bwi\u0105tyni do prawid\u0142owego stanu technicznego, podniesienie bezpiecze\u0144stwa i estetyki ko\u015bcio\u0142a oraz zachowanie jego materialnego dziedzictwa kulturowego i historycznego.<\/p>\n<p>Wa\u017cnym zapleczem finansowym w tym wzgl\u0119dzie s\u0105 \u015brodki finansowe pozyskane z dotacji oraz darowizn os\u00f3b i podmiot\u00f3w zaanga\u017cowanych w to wielkie dzie\u0142o. Wykaz realizowanych projekt\u00f3w przedstawia si\u0119 nast\u0119puj\u0105co:[\/vc_column_text][\/vc_column][\/vc_row][vc_row][vc_column][vc_single_image image=&#8221;5940&#8243; img_size=&#8221;full&#8221;][\/vc_column][\/vc_row][vc_row css=&#8221;.vc_custom_1403683187490{padding-top: 50px !important;padding-bottom: 60px !important;}&#8221;][vc_column width=&#8221;1\/2&#8243;][vc_column_text css=&#8221;.vc_custom_1517992258027{margin-bottom: 40px !important;}&#8221;]Opracowanie wniosk\u00f3w o dotacje oraz koordynacja projekt\u00f3w wraz z ich<\/p>\n","protected":false},"author":1,"featured_media":0,"parent":0,"menu_order":0,"comment_status":"closed","ping_status":"open","template":"page-fullwidth.php","meta":{"_acf_changed":false,"footnotes":""},"class_list":["post-5231","page","type-page","status-publish","hentry"],"acf":[],"_links":{"self":[{"href":"https:\/\/renowacja.katedraopolska.pl\/en\/wp-json\/wp\/v2\/pages\/5231","targetHints":{"allow":["GET"]}}],"collection":[{"href":"https:\/\/renowacja.katedraopolska.pl\/en\/wp-json\/wp\/v2\/pages"}],"about":[{"href":"https:\/\/renowacja.katedraopolska.pl\/en\/wp-json\/wp\/v2\/types\/page"}],"author":[{"embeddable":true,"href":"https:\/\/renowacja.katedraopolska.pl\/en\/wp-json\/wp\/v2\/users\/1"}],"replies":[{"embeddable":true,"href":"https:\/\/renowacja.katedraopolska.pl\/en\/wp-json\/wp\/v2\/comments?post=5231"}],"version-history":[{"count":40,"href":"https:\/\/renowacja.katedraopolska.pl\/en\/wp-json\/wp\/v2\/pages\/5231\/revisions"}],"predecessor-version":[{"id":6236,"href":"https:\/\/renowacja.katedraopolska.pl\/en\/wp-json\/wp\/v2\/pages\/5231\/revisions\/6236"}],"wp:attachment":[{"href":"https:\/\/renowacja.katedraopolska.pl\/en\/wp-json\/wp\/v2\/media?parent=5231"}],"curies":[{"name":"wp","href":"https:\/\/api.w.org\/{rel}","templated":true}]}}