{"id":719,"date":"2013-01-06T12:43:15","date_gmt":"2013-01-06T12:43:15","guid":{"rendered":"http:\/\/artstudioworks.net\/wordpress\/energy\/?page_id=13"},"modified":"2019-06-12T14:38:03","modified_gmt":"2019-06-12T12:38:03","slug":"home","status":"publish","type":"page","link":"https:\/\/renowacja.katedraopolska.pl\/de\/","title":{"rendered":"Start"},"content":{"rendered":"[vc_row full_width=\"stretch_row_content_no_spaces\"][vc_column][rev_slider_vc alias=\"renowacja-de\"][\/vc_column][\/vc_row][vc_row css=\".vc_custom_1403688711058{padding-top: 50px !important;padding-bottom: 50px !important;}\"][vc_column width=\"1\/4\"]<div class=\"iconbox text_center non_framed top_icon_circle\" style=\"\"><div class=\"top_icon_circle aligncenter\"><a href=\"https:\/\/renowacja.katedraopolska.pl\/przed-renowacja\/\" target=\"_self\"><i class=\"icon fa fa fa-check standard circle\" style=\"color:#ffffff; background-color:#516fb4; border-color:#516fb4;\"><\/i><\/a><h3>Vor der Renovierung<\/h3><\/div><div class=\"excerpt\"><\/div><\/div>[\/vc_column][vc_column width=\"1\/4\"]<div class=\"iconbox text_center non_framed top_icon_circle\" style=\"\"><div class=\"top_icon_circle aligncenter\"><a href=\"https:\/\/renowacja.katedraopolska.pl\/wykaz-projektow\/\" target=\"_self\"><i class=\"icon fa fa fa-check standard circle\" style=\"color:#ffffff; background-color:#516fb4; border-color:#516fb4;\"><\/i><\/a><h3>Liste der Projekte<\/h3><\/div><div class=\"excerpt\"><\/div><\/div>[\/vc_column][vc_column width=\"1\/4\"]<div class=\"iconbox text_center non_framed top_icon_circle\" style=\"\"><div class=\"top_icon_circle aligncenter\"><a href=\"https:\/\/renowacja.katedraopolska.pl\/zakres-prac\/\" target=\"_self\"><i class=\"icon fa fa fa-check standard circle\" style=\"color:#ffffff; background-color:#516fb4; border-color:#516fb4;\"><\/i><\/a><h3>Umfang der Arbeiten<\/h3><\/div><div class=\"excerpt\"><\/div><\/div>[\/vc_column][vc_column width=\"1\/4\"]<div class=\"iconbox text_center non_framed top_icon_circle\" style=\"\"><div class=\"top_icon_circle aligncenter\"><a href=\"https:\/\/renowacja.katedraopolska.pl\/biuro-prasowe\/\" target=\"_self\"><i class=\"icon fa fa fa-check standard circle\" style=\"color:#ffffff; background-color:#516fb4; border-color:#516fb4;\"><\/i><\/a><h3>Pressestelle<\/h3><\/div><div class=\"excerpt\"><\/div><\/div>[\/vc_column][\/vc_row][vc_row css=\".vc_custom_1517323641482{padding-top: 65px !important;padding-bottom: 40px !important;background-color: #f2f2f2 !important;}\"][vc_column]<div class=\"separator_block center\" style=\"margin-bottom:25px;\"><h3>Kronika wydarze\u0144<\/h3><div class=\"separator short\"><div class=\"separator_line\"><\/div><\/div><div class=\"clearfix\"><\/div><\/div><script type=\"text\/javascript\">\n          (function($){\n            $(window).load(function() {\n              $(\"#flexslider-blog-2\").flexslider({\n                animation: \"slide\",\n                slideshow: true,\n                smoothHeight : true,\n                directionNav: true,\n                controlNav: false,\n                itemMargin: 31,\n                itemWidth: 270,\n                minItems: 1,\n                maxItems: 4\n              });\n            });\n          })(jQuery);\n          <\/script><div id=\"flexslider-blog-2\" class=\"flexslider-blog\"><ul class=\"slides\"><li><div class=\"blog-item\"><figure class=\"thumbnail\"><img decoding=\"async\" src=\"https:\/\/renowacja.katedraopolska.pl\/wp-content\/uploads\/2021\/12\/002-202111282039-470x240.jpg\" alt=\"\"\/><\/figure><div class=\"blog-item-description\"><h6><a href=\"https:\/\/renowacja.katedraopolska.pl\/de\/2021\/12\/07\/dziekujemy-za-udzial-w-xiii-koncercie\/\" title=\"(Polski) Dzi\u0119kujemy za udzia\u0142 w XIII koncercie\">(Polski) Dzi\u0119kujemy za udzia\u0142 w XIII koncercie<\/a><\/h6><div class=\"date\"><span>Dezember 7, 2021<\/span><\/div><div class=\"blog-item-excerpt\"><p class=\"qtranxs-available-languages-message qtranxs-available-languages-message-de\">Leider ist der Eintrag. <\/div><\/div><\/div><\/li><li><div class=\"blog-item\"><figure class=\"thumbnail\"><img decoding=\"async\" src=\"https:\/\/renowacja.katedraopolska.pl\/wp-content\/uploads\/2021\/11\/plakat_katedra_koncert_13-4x3-470x240.jpg\" alt=\"\"\/><\/figure><div class=\"blog-item-description\"><h6><a href=\"https:\/\/renowacja.katedraopolska.pl\/de\/2021\/11\/23\/xiii-koncert-z-serii-organowe-inspiracje\/\" title=\"(Polski) XIII koncert z serii Organowe Inspiracje\">(Polski) XIII koncert z serii Organowe Inspiracje<\/a><\/h6><div class=\"date\"><span>November 23, 2021<\/span><\/div><div class=\"blog-item-excerpt\"><p class=\"qtranxs-available-languages-message qtranxs-available-languages-message-de\">Leider ist der Eintrag. <\/div><\/div><\/div><\/li><li><div class=\"blog-item\"><figure class=\"thumbnail\"><img decoding=\"async\" src=\"https:\/\/renowacja.katedraopolska.pl\/wp-content\/uploads\/2021\/10\/plakat_katedra_koncert_12-16x9-470x240.jpg\" alt=\"\"\/><\/figure><div class=\"blog-item-description\"><h6><a href=\"https:\/\/renowacja.katedraopolska.pl\/de\/2021\/10\/20\/xii-koncert-z-serii-organowe-inspiracje\/\" title=\"(Polski) XII koncert z serii Organowe Inspiracje\">(Polski) XII koncert z serii Organowe Inspiracje<\/a><\/h6><div class=\"date\"><span>Oktober 20, 2021<\/span><\/div><div class=\"blog-item-excerpt\"><p class=\"qtranxs-available-languages-message qtranxs-available-languages-message-de\">Leider ist der Eintrag. <\/div><\/div><\/div><\/li><li><div class=\"blog-item\"><figure class=\"thumbnail\"><img decoding=\"async\" src=\"https:\/\/renowacja.katedraopolska.pl\/wp-content\/uploads\/2021\/09\/000-202109281512-470x240.jpg\" alt=\"\"\/><\/figure><div class=\"blog-item-description\"><h6><a href=\"https:\/\/renowacja.katedraopolska.pl\/de\/2021\/09\/28\/dziekujemy-za-udzial-w-xi-koncercie\/\" title=\"(Polski) Dzi\u0119kujemy za udzia\u0142 w XI koncercie\">(Polski) Dzi\u0119kujemy za udzia\u0142 w XI koncercie<\/a><\/h6><div class=\"date\"><span>September 28, 2021<\/span><\/div><div class=\"blog-item-excerpt\"><p class=\"qtranxs-available-languages-message qtranxs-available-languages-message-de\">Leider ist der Eintrag. <\/div><\/div><\/div><\/li><li><div class=\"blog-item\"><figure class=\"thumbnail\"><img decoding=\"async\" src=\"https:\/\/renowacja.katedraopolska.pl\/wp-content\/uploads\/2021\/09\/plakat_katedra_koncert_11-16x9-2-470x240.jpg\" alt=\"\"\/><\/figure><div class=\"blog-item-description\"><h6><a href=\"https:\/\/renowacja.katedraopolska.pl\/de\/2021\/09\/22\/xi-koncert-z-serii-organowe-inspiracje\/\" title=\"(Polski) XI koncert z serii Organowe Inspiracje\">(Polski) XI koncert z serii Organowe Inspiracje<\/a><\/h6><div class=\"date\"><span>September 22, 2021<\/span><\/div><div class=\"blog-item-excerpt\"><p class=\"qtranxs-available-languages-message qtranxs-available-languages-message-de\">Leider ist der Eintrag. <\/div><\/div><\/div><\/li><\/ul><\/div>[\/vc_column][\/vc_row][vc_row css=\".vc_custom_1513346169791{padding-top: 65px !important;padding-bottom: 40px !important;background-color: #f9f9f9 !important;}\"][vc_column]<div class=\"separator_block center\" style=\"margin-bottom:25px;\"><h3>Aktualny zakres prac<\/h3><div class=\"separator short\"><div class=\"separator_line\"><\/div><\/div><div class=\"clearfix\"><\/div><\/div><div class=\"row no-margin\"><div id=\"portfolio-wrap-3\"><div class=\"term-main span4 portfolio-item no-margin \"><div class=\"portfolio-pic\"><img decoding=\"async\" src=\"https:\/\/renowacja.katedraopolska.pl\/wp-content\/uploads\/2018\/01\/korpus-470x340.jpg\" \/><div class=\"portfolio-overlay\"><a href=\"https:\/\/renowacja.katedraopolska.pl\/de\/portfolio-item\/elewacje-zewnetrzne-i-epitafia\/\" title=\"Au\u00dfenfassaden und Epitaphien\"><span class=\"overlay-link\"><i class=\"fa fa-share-square-o\"><\/i><\/span><\/a><\/div><\/div><div class=\"portfolio-title\"><a href=\"https:\/\/renowacja.katedraopolska.pl\/de\/portfolio-item\/elewacje-zewnetrzne-i-epitafia\/\" title=\"Au\u00dfenfassaden und Epitaphien\">Au\u00dfenfassaden und Epitaphien<\/a><\/div><\/div><div class=\"term-main span4 portfolio-item no-margin \"><div class=\"portfolio-pic\"><img decoding=\"async\" src=\"https:\/\/renowacja.katedraopolska.pl\/wp-content\/uploads\/2014\/01\/wn\u0119trze-470x340.jpg\" \/><div class=\"portfolio-overlay\"><a href=\"https:\/\/renowacja.katedraopolska.pl\/de\/portfolio-item\/wnetrze-katedry\/\" title=\"Im inneren der Kathedrale\"><span class=\"overlay-link\"><i class=\"fa fa-share-square-o\"><\/i><\/span><\/a><\/div><\/div><div class=\"portfolio-title\"><a href=\"https:\/\/renowacja.katedraopolska.pl\/de\/portfolio-item\/wnetrze-katedry\/\" title=\"Im inneren der Kathedrale\">Im inneren der Kathedrale<\/a><\/div><\/div><div class=\"term-main span4 portfolio-item no-margin \"><div class=\"portfolio-pic\"><img decoding=\"async\" src=\"https:\/\/renowacja.katedraopolska.pl\/wp-content\/uploads\/2018\/02\/MG_1125-470x340.jpg\" \/><div class=\"portfolio-overlay\"><a href=\"https:\/\/renowacja.katedraopolska.pl\/de\/portfolio-item\/kaplica-nepomucena\/\" title=\"Nepomuk Kapelle\"><span class=\"overlay-link\"><i class=\"fa fa-share-square-o\"><\/i><\/span><\/a><\/div><\/div><div class=\"portfolio-title\"><a href=\"https:\/\/renowacja.katedraopolska.pl\/de\/portfolio-item\/kaplica-nepomucena\/\" title=\"Nepomuk Kapelle\">Nepomuk Kapelle<\/a><\/div><\/div><\/div><\/div>[\/vc_column][\/vc_row][vc_row css=\".vc_custom_1403692055105{padding-top: 50px !important;padding-bottom: 50px !important;}\"][vc_column width=\"1\/2\" css=\".vc_custom_1403693981938{background-position: 0 0 !important;background-repeat: no-repeat !important;}\"][vc_single_image image=\"5272\" img_size=\"full\" alignment=\"center\" css_animation=\"left-to-right\" css=\".vc_custom_1518690758159{padding-top: 50px !important;}\"][\/vc_column][vc_column width=\"1\/2\" css=\".vc_custom_1513346096846{padding-top: 30px !important;}\"]<div class=\"separator_block left\" style=\"margin-bottom:30px;\"><h3>Unterst\u00fctzen Sie die Renovierung der Kathedrale <\/h3><div class=\"separator short\"><div class=\"separator_line\"><\/div><\/div><div class=\"clearfix\"><\/div><\/div>[vc_column_text css_animation=\"right-to-left\"]Seit vielen Jahren unternimmt die Pfarrgemeinde zum Heiligen Kreuz zahlreiche Konservierungsarbeiten, um die historische Substanz der Kirche zu erhalten. Um ihre Wirksamkeit zu erh\u00f6hen, wurde am 1. Januar 2015 ein Kapitel zur Erneuerung der Oppelner Kathedrale eingerichtet, das Aktivit\u00e4ten zur F\u00f6rderung der Idee der Kirchenerneuerung unterst\u00fctzt.<\/p>\n<p><strong>Geld zum Zwecke der Domrenovierung kann auf das folgende Konto eingezahlt werden:<\/strong><br \/>\nPfarrgemeinde Kathedrale zum Heiligen Kreuz, pl. Katedralny 2, 45-005 Opole.<\/p>\n<h4>Bank BG\u017b S.A., Opole<strong><br \/>\n<span style=\"color: #516fb4;\">Kontonummer: : 91 2030 0045 1110 0000 0276 5780<br \/>\nIBAN: PL 04 2030 0045 3110 0000 0031 2380<br \/>\n<\/span><\/strong><\/h4>\n<h5><strong>SWIFT (BIC): GOPZPLPW<\/strong><\/h5>\n<p><strong>\u00dcberweisungstitel:<\/strong> \u201e<em>Spende f\u00fcr eine religi\u00f6se Statte \u2013 Renovierung der Oppelner Kathedrale<\/em>\u201d<\/p>\n<p>Die heilige Messe wird jeden Samstag um 7.00 Uhr mit der Intention der Spender und all derer gefeiert, die die Erneuerung der Oppelner Kathedrale unterst\u00fctzen.[\/vc_column_text][\/vc_column][\/vc_row][vc_row css=\".vc_custom_1515058111005{margin-bottom: 0px !important;padding-top: 50px !important;padding-bottom: 20px !important;background-color: #ffd962 !important;}\"][vc_column][vc_column_text]\n<h3 style=\"text-align: center; font-size: 36px;\"><span style=\"color: #ffffff;\">Wir blicken mit Respekt <span style=\"color: #516fb4;\">vor der Vergangenheit in die Zukunft<\/span><\/span><\/h3>\n[\/vc_column_text][\/vc_column][\/vc_row]","protected":false},"excerpt":{"rendered":"<p>Renowacja Kaplicy \u015bw. Jana Nepomucena<\/p>\n<p>Rozw\u00f3j wsp\u00f3\u0142pracy transgranicznej przy odnowie katedry w Ostrawie i w Opolu<\/p>\n<p>Jan Nepomucen (ur. ok. 1350 w Pomuku, obecnie Nepomuk, zm. 20 marca 1393 w Pradze) \u2013 prezbiter, spowiednik Zofii Bawarskiej, m\u0119czennik i \u015bwi\u0119ty Ko\u015bcio\u0142a katolickiego. Oko\u0142o 1380 przyj\u0105\u0142 \u015bwi\u0119cenia kap\u0142a\u0144skie i zosta\u0142 kanonikiem przy katedrze \u015bw. Wita, Wac\u0142awa i Wojciecha w Hradczanach. W zwi\u0105zku z zatargiem mi\u0119dzy kr\u00f3lem Czech Wac\u0142awem IV<br \/>\na arcybiskupem, Jan Nepomucen popad\u0142 w nie\u0142ask\u0119 w\u0142adcy i w 1393 zosta\u0142 uwi\u0119ziony. Nast\u0119pnie zrzucono go z mostu Karola do rzeki We\u0142tawy. Jan Nepomucen zosta\u0142 beatyfikowany<\/p>\n","protected":false},"author":1,"featured_media":0,"parent":720,"menu_order":0,"comment_status":"closed","ping_status":"closed","template":"page-fullwidth.php","meta":{"_acf_changed":false,"footnotes":""},"class_list":["post-719","page","type-page","status-publish","hentry"],"acf":[],"_links":{"self":[{"href":"https:\/\/renowacja.katedraopolska.pl\/de\/wp-json\/wp\/v2\/pages\/719","targetHints":{"allow":["GET"]}}],"collection":[{"href":"https:\/\/renowacja.katedraopolska.pl\/de\/wp-json\/wp\/v2\/pages"}],"about":[{"href":"https:\/\/renowacja.katedraopolska.pl\/de\/wp-json\/wp\/v2\/types\/page"}],"author":[{"embeddable":true,"href":"https:\/\/renowacja.katedraopolska.pl\/de\/wp-json\/wp\/v2\/users\/1"}],"replies":[{"embeddable":true,"href":"https:\/\/renowacja.katedraopolska.pl\/de\/wp-json\/wp\/v2\/comments?post=719"}],"version-history":[{"count":82,"href":"https:\/\/renowacja.katedraopolska.pl\/de\/wp-json\/wp\/v2\/pages\/719\/revisions"}],"predecessor-version":[{"id":6091,"href":"https:\/\/renowacja.katedraopolska.pl\/de\/wp-json\/wp\/v2\/pages\/719\/revisions\/6091"}],"up":[{"embeddable":true,"href":"https:\/\/renowacja.katedraopolska.pl\/de\/wp-json\/wp\/v2\/pages\/720"}],"wp:attachment":[{"href":"https:\/\/renowacja.katedraopolska.pl\/de\/wp-json\/wp\/v2\/media?parent=719"}],"curies":[{"name":"wp","href":"https:\/\/api.w.org\/{rel}","templated":true}]}}