{"id":719,"date":"2013-01-06T12:43:15","date_gmt":"2013-01-06T12:43:15","guid":{"rendered":"http:\/\/artstudioworks.net\/wordpress\/energy\/?page_id=13"},"modified":"2019-06-12T14:38:03","modified_gmt":"2019-06-12T12:38:03","slug":"home","status":"publish","type":"page","link":"https:\/\/renowacja.katedraopolska.pl\/cz\/","title":{"rendered":"Start"},"content":{"rendered":"[vc_row full_width=\"stretch_row_content_no_spaces\"][vc_column][rev_slider_vc alias=\"renowacja-cz\"][\/vc_column][\/vc_row][vc_row css=\".vc_custom_1403688711058{padding-top: 50px !important;padding-bottom: 50px !important;}\"][vc_column width=\"1\/4\"]<div class=\"iconbox text_center non_framed top_icon_circle\" style=\"\"><div class=\"top_icon_circle aligncenter\"><a href=\"https:\/\/renowacja.katedraopolska.pl\/przed-renowacja\/\" target=\"_self\"><i class=\"icon fa fa fa-check standard circle\" style=\"color:#ffffff; background-color:#516fb4; border-color:#516fb4;\"><\/i><\/a><h3>P\u0159ed renovac\u00ed<\/h3><\/div><div class=\"excerpt\"><\/div><\/div>[\/vc_column][vc_column width=\"1\/4\"]<div class=\"iconbox text_center non_framed top_icon_circle\" style=\"\"><div class=\"top_icon_circle aligncenter\"><a href=\"https:\/\/renowacja.katedraopolska.pl\/wykaz-projektow\/\" target=\"_self\"><i class=\"icon fa fa fa-check standard circle\" style=\"color:#ffffff; background-color:#516fb4; border-color:#516fb4;\"><\/i><\/a><h3>Seznam projekt\u016f<\/h3><\/div><div class=\"excerpt\"><\/div><\/div>[\/vc_column][vc_column width=\"1\/4\"]<div class=\"iconbox text_center non_framed top_icon_circle\" style=\"\"><div class=\"top_icon_circle aligncenter\"><a href=\"https:\/\/renowacja.katedraopolska.pl\/zakres-prac\/\" target=\"_self\"><i class=\"icon fa fa fa-check standard circle\" style=\"color:#ffffff; background-color:#516fb4; border-color:#516fb4;\"><\/i><\/a><h3>Rozsah prac\u00ed<\/h3><\/div><div class=\"excerpt\"><\/div><\/div>[\/vc_column][vc_column width=\"1\/4\"]<div class=\"iconbox text_center non_framed top_icon_circle\" style=\"\"><div class=\"top_icon_circle aligncenter\"><a href=\"https:\/\/renowacja.katedraopolska.pl\/biuro-prasowe\/\" target=\"_self\"><i class=\"icon fa fa fa-check standard circle\" style=\"color:#ffffff; background-color:#516fb4; border-color:#516fb4;\"><\/i><\/a><h3>Pro m\u00e9dia<\/h3><\/div><div class=\"excerpt\"><\/div><\/div>[\/vc_column][\/vc_row][vc_row css=\".vc_custom_1517323641482{padding-top: 65px !important;padding-bottom: 40px !important;background-color: #f2f2f2 !important;}\"][vc_column]<div class=\"separator_block center\" style=\"margin-bottom:25px;\"><h3>Kronika wydarze\u0144<\/h3><div class=\"separator short\"><div class=\"separator_line\"><\/div><\/div><div class=\"clearfix\"><\/div><\/div><div class=\"row-fluid\"><div id=\"blog_items_wrap\"><div class=\"span3\"><div class=\"blog-item\"><figure class=\"thumbnail\"><img decoding=\"async\" src=\"https:\/\/renowacja.katedraopolska.pl\/wp-content\/uploads\/2021\/12\/002-202111282039-470x240.jpg\" alt=\"\"\/><\/figure><div class=\"blog-item-description\"><h6><a href=\"https:\/\/renowacja.katedraopolska.pl\/cz\/2021\/12\/07\/dziekujemy-za-udzial-w-xiii-koncercie\/\" title=\"(Polski) Dzi\u0119kujemy za udzia\u0142 w XIII koncercie\">(Polski) Dzi\u0119kujemy za udzia\u0142 w XIII koncercie<\/a><\/h6><div class=\"date\"><span>prosinec 7, 2021<\/span><\/div><div class=\"blog-item-excerpt\"><p class=\"qtranxs-available-languages-message qtranxs-available-languages-message-cz\">Sorry, this entry is <\/div><\/div><\/div><\/div><div class=\"span3\"><div class=\"blog-item\"><figure class=\"thumbnail\"><img decoding=\"async\" src=\"https:\/\/renowacja.katedraopolska.pl\/wp-content\/uploads\/2021\/11\/plakat_katedra_koncert_13-4x3-470x240.jpg\" alt=\"\"\/><\/figure><div class=\"blog-item-description\"><h6><a href=\"https:\/\/renowacja.katedraopolska.pl\/cz\/2021\/11\/23\/xiii-koncert-z-serii-organowe-inspiracje\/\" title=\"(Polski) XIII koncert z serii Organowe Inspiracje\">(Polski) XIII koncert z serii Organowe Inspiracje<\/a><\/h6><div class=\"date\"><span>listopad 23, 2021<\/span><\/div><div class=\"blog-item-excerpt\"><p class=\"qtranxs-available-languages-message qtranxs-available-languages-message-cz\">Sorry, this entry is <\/div><\/div><\/div><\/div><div class=\"span3\"><div class=\"blog-item\"><figure class=\"thumbnail\"><img decoding=\"async\" src=\"https:\/\/renowacja.katedraopolska.pl\/wp-content\/uploads\/2021\/10\/plakat_katedra_koncert_12-16x9-470x240.jpg\" alt=\"\"\/><\/figure><div class=\"blog-item-description\"><h6><a href=\"https:\/\/renowacja.katedraopolska.pl\/cz\/2021\/10\/20\/xii-koncert-z-serii-organowe-inspiracje\/\" title=\"(Polski) XII koncert z serii Organowe Inspiracje\">(Polski) XII koncert z serii Organowe Inspiracje<\/a><\/h6><div class=\"date\"><span>\u0159\u00edjen 20, 2021<\/span><\/div><div class=\"blog-item-excerpt\"><p class=\"qtranxs-available-languages-message qtranxs-available-languages-message-cz\">Sorry, this entry is <\/div><\/div><\/div><\/div><div class=\"span3\"><div class=\"blog-item\"><figure class=\"thumbnail\"><img decoding=\"async\" src=\"https:\/\/renowacja.katedraopolska.pl\/wp-content\/uploads\/2021\/09\/000-202109281512-470x240.jpg\" alt=\"\"\/><\/figure><div class=\"blog-item-description\"><h6><a href=\"https:\/\/renowacja.katedraopolska.pl\/cz\/2021\/09\/28\/dziekujemy-za-udzial-w-xi-koncercie\/\" title=\"(Polski) Dzi\u0119kujemy za udzia\u0142 w XI koncercie\">(Polski) Dzi\u0119kujemy za udzia\u0142 w XI koncercie<\/a><\/h6><div class=\"date\"><span>z\u00e1\u0159\u00ed 28, 2021<\/span><\/div><div class=\"blog-item-excerpt\"><p class=\"qtranxs-available-languages-message qtranxs-available-languages-message-cz\">Sorry, this entry is <\/div><\/div><\/div><\/div><div class=\"clearfix\"><\/div><div class=\"span3\"><div class=\"blog-item\"><figure class=\"thumbnail\"><img decoding=\"async\" src=\"https:\/\/renowacja.katedraopolska.pl\/wp-content\/uploads\/2021\/09\/plakat_katedra_koncert_11-16x9-2-470x240.jpg\" alt=\"\"\/><\/figure><div class=\"blog-item-description\"><h6><a href=\"https:\/\/renowacja.katedraopolska.pl\/cz\/2021\/09\/22\/xi-koncert-z-serii-organowe-inspiracje\/\" title=\"(Polski) XI koncert z serii Organowe Inspiracje\">(Polski) XI koncert z serii Organowe Inspiracje<\/a><\/h6><div class=\"date\"><span>z\u00e1\u0159\u00ed 22, 2021<\/span><\/div><div class=\"blog-item-excerpt\"><p class=\"qtranxs-available-languages-message qtranxs-available-languages-message-cz\">Sorry, this entry is <\/div><\/div><\/div><\/div><div class=\"clearfix\"><\/div><\/div><\/div>[\/vc_column][\/vc_row][vc_row css=\".vc_custom_1513346169791{padding-top: 65px !important;padding-bottom: 40px !important;background-color: #f9f9f9 !important;}\"][vc_column]<div class=\"separator_block center\" style=\"margin-bottom:25px;\"><h3>AKTUALNY ZAKRES PRAC<\/h3><div class=\"separator short\"><div class=\"separator_line\"><\/div><\/div><div class=\"clearfix\"><\/div><\/div><div class=\"row no-margin\"><div id=\"portfolio-wrap-4\"><div class=\"term-main span4 portfolio-item no-margin \"><div class=\"portfolio-pic\"><img decoding=\"async\" src=\"https:\/\/renowacja.katedraopolska.pl\/wp-content\/uploads\/2018\/01\/korpus-470x340.jpg\" \/><div class=\"portfolio-overlay\"><a href=\"https:\/\/renowacja.katedraopolska.pl\/cz\/portfolio-item\/elewacje-zewnetrzne-i-epitafia\/\" title=\"Vn\u011bj\u0161\u00ed fas\u00e1dy a epitafy\"><span class=\"overlay-link\"><i class=\"fa fa-share-square-o\"><\/i><\/span><\/a><\/div><\/div><div class=\"portfolio-title\"><a href=\"https:\/\/renowacja.katedraopolska.pl\/cz\/portfolio-item\/elewacje-zewnetrzne-i-epitafia\/\" title=\"Vn\u011bj\u0161\u00ed fas\u00e1dy a epitafy\">Vn\u011bj\u0161\u00ed fas\u00e1dy a epitafy<\/a><\/div><\/div><div class=\"term-main span4 portfolio-item no-margin \"><div class=\"portfolio-pic\"><img decoding=\"async\" src=\"https:\/\/renowacja.katedraopolska.pl\/wp-content\/uploads\/2014\/01\/wn\u0119trze-470x340.jpg\" \/><div class=\"portfolio-overlay\"><a href=\"https:\/\/renowacja.katedraopolska.pl\/cz\/portfolio-item\/wnetrze-katedry\/\" title=\"Interi\u00e9r katedr\u00e1ly\"><span class=\"overlay-link\"><i class=\"fa fa-share-square-o\"><\/i><\/span><\/a><\/div><\/div><div class=\"portfolio-title\"><a href=\"https:\/\/renowacja.katedraopolska.pl\/cz\/portfolio-item\/wnetrze-katedry\/\" title=\"Interi\u00e9r katedr\u00e1ly\">Interi\u00e9r katedr\u00e1ly<\/a><\/div><\/div><div class=\"term-main span4 portfolio-item no-margin \"><div class=\"portfolio-pic\"><img decoding=\"async\" src=\"https:\/\/renowacja.katedraopolska.pl\/wp-content\/uploads\/2018\/02\/MG_1125-470x340.jpg\" \/><div class=\"portfolio-overlay\"><a href=\"https:\/\/renowacja.katedraopolska.pl\/cz\/portfolio-item\/kaplica-nepomucena\/\" title=\"Kaple Jana Nepomuck\u00e9ho\"><span class=\"overlay-link\"><i class=\"fa fa-share-square-o\"><\/i><\/span><\/a><\/div><\/div><div class=\"portfolio-title\"><a href=\"https:\/\/renowacja.katedraopolska.pl\/cz\/portfolio-item\/kaplica-nepomucena\/\" title=\"Kaple Jana Nepomuck\u00e9ho\">Kaple Jana Nepomuck\u00e9ho<\/a><\/div><\/div><\/div><\/div>[\/vc_column][\/vc_row][vc_row css=\".vc_custom_1403692055105{padding-top: 50px !important;padding-bottom: 50px !important;}\"][vc_column width=\"1\/2\" css=\".vc_custom_1403693981938{background-position: 0 0 !important;background-repeat: no-repeat !important;}\"][vc_single_image image=\"5272\" img_size=\"full\" alignment=\"center\" css_animation=\"left-to-right\" css=\".vc_custom_1518690758159{padding-top: 50px !important;}\"][\/vc_column][vc_column width=\"1\/2\" css=\".vc_custom_1513346096846{padding-top: 30px !important;}\"]<div class=\"separator_block left\" style=\"margin-bottom:30px;\"><h3>Podpo\u0159te rekonstrukci katedr\u00e1ly <\/h3><div class=\"separator short\"><div class=\"separator_line\"><\/div><\/div><div class=\"clearfix\"><\/div><\/div>[vc_column_text css_animation=\"right-to-left\"]Po mnoho let katedr\u00e1ln\u00ed farnost\u00a0 Pov\u00fd\u0161en\u00ed Svat\u00e9ho K\u0159\u00ed\u017ee prov\u00e1d\u00ed \u0159adu konzerv\u00e1torsk\u00fdch prac\u00ed za \u00fa\u010delem ochrany historick\u00e9 hodnoty chr\u00e1mu. Pro zlep\u0161en\u00ed jejich efektivity byla 1. ledna 2015 z\u0159\u00edzena Kapitula Obnoven\u00ed Opolsk\u00e9 Katedr\u00e1ly, jej\u00edm\u017e c\u00edlem je podpora aktivit, kter\u00e9 propaguj\u00ed my\u0161lenku rekonstrukce kostela.<\/p>\n<p><strong>Pen\u00edze na rekonstrukci katedr\u00e1ly je mo\u017en\u00e9 zas\u00edlat na \u00fa\u010det:<\/strong><br \/>\nKatedr\u00e1ln\u00ed farnost Pov\u00fd\u0161en\u00ed Svat\u00e9ho K\u0159\u00ed\u017ee, pl. Katedralny 2, 45-005 Opole.<\/p>\n<h4>Bank BG\u017b S.A. pobo\u010dka Opole<strong><br \/>\n<span style=\"color: #516fb4;\">\u010d. \u00fa\u010dtu: 91 2030 0045 1110 0000 0276 5780<br \/>\nIBAN: PL 04 2030 0045 3110 0000 0031 2380<br \/>\n<\/span><\/strong><\/h4>\n<h5><strong>SWIFT (BIC): GOPZPLPW<\/strong><\/h5>\n<p><strong>N\u00e1zev platby:<\/strong> \u201e<em>Dar pro n\u00e1bo\u017eensk\u00e9 \u00fa\u010dely - renovace Opolsk\u00e9 katedr\u00e1ly<\/em>\u201d<\/p>\n<p>M\u0161e svat\u00e9 za d\u00e1rce a v\u0161echny podporovatele rekonstrukce Opolsk\u00e9 katedr\u00e1ly se konaj\u00ed ka\u017edou sobotu v 7:00 hodin.[\/vc_column_text][\/vc_column][\/vc_row][vc_row css=\".vc_custom_1515058111005{margin-bottom: 0px !important;padding-top: 50px !important;padding-bottom: 20px !important;background-color: #ffd962 !important;}\"][vc_column][vc_column_text]\n<h3 style=\"text-align: center; font-size: 36px;\"><span style=\"color: #ffffff;\">Z \u00facty k minulosti, <span style=\"color: #516fb4;\">postarejme se o budoucnost<\/span><\/span><\/h3>\n[\/vc_column_text][\/vc_column][\/vc_row]","protected":false},"excerpt":{"rendered":"<p>Renowacja Kaplicy \u015bw. Jana Nepomucena<\/p>\n<p>Rozw\u00f3j wsp\u00f3\u0142pracy transgranicznej przy odnowie katedry w Ostrawie i w Opolu<\/p>\n<p>Jan Nepomucen (ur. ok. 1350 w Pomuku, obecnie Nepomuk, zm. 20 marca 1393 w Pradze) \u2013 prezbiter, spowiednik Zofii Bawarskiej, m\u0119czennik i \u015bwi\u0119ty Ko\u015bcio\u0142a katolickiego. Oko\u0142o 1380 przyj\u0105\u0142 \u015bwi\u0119cenia kap\u0142a\u0144skie i zosta\u0142 kanonikiem przy katedrze \u015bw. Wita, Wac\u0142awa i Wojciecha w Hradczanach. W zwi\u0105zku z zatargiem mi\u0119dzy kr\u00f3lem Czech Wac\u0142awem IV<br \/>\na arcybiskupem, Jan Nepomucen popad\u0142 w nie\u0142ask\u0119 w\u0142adcy i w 1393 zosta\u0142 uwi\u0119ziony. Nast\u0119pnie zrzucono go z mostu Karola do rzeki We\u0142tawy. Jan Nepomucen zosta\u0142 beatyfikowany<\/p>\n","protected":false},"author":1,"featured_media":0,"parent":720,"menu_order":0,"comment_status":"closed","ping_status":"closed","template":"page-fullwidth.php","meta":{"_acf_changed":false,"footnotes":""},"class_list":["post-719","page","type-page","status-publish","hentry"],"acf":[],"_links":{"self":[{"href":"https:\/\/renowacja.katedraopolska.pl\/cz\/wp-json\/wp\/v2\/pages\/719","targetHints":{"allow":["GET"]}}],"collection":[{"href":"https:\/\/renowacja.katedraopolska.pl\/cz\/wp-json\/wp\/v2\/pages"}],"about":[{"href":"https:\/\/renowacja.katedraopolska.pl\/cz\/wp-json\/wp\/v2\/types\/page"}],"author":[{"embeddable":true,"href":"https:\/\/renowacja.katedraopolska.pl\/cz\/wp-json\/wp\/v2\/users\/1"}],"replies":[{"embeddable":true,"href":"https:\/\/renowacja.katedraopolska.pl\/cz\/wp-json\/wp\/v2\/comments?post=719"}],"version-history":[{"count":82,"href":"https:\/\/renowacja.katedraopolska.pl\/cz\/wp-json\/wp\/v2\/pages\/719\/revisions"}],"predecessor-version":[{"id":6091,"href":"https:\/\/renowacja.katedraopolska.pl\/cz\/wp-json\/wp\/v2\/pages\/719\/revisions\/6091"}],"up":[{"embeddable":true,"href":"https:\/\/renowacja.katedraopolska.pl\/cz\/wp-json\/wp\/v2\/pages\/720"}],"wp:attachment":[{"href":"https:\/\/renowacja.katedraopolska.pl\/cz\/wp-json\/wp\/v2\/media?parent=719"}],"curies":[{"name":"wp","href":"https:\/\/api.w.org\/{rel}","templated":true}]}}