{"id":5542,"date":"2018-02-07T10:20:31","date_gmt":"2018-02-07T09:20:31","guid":{"rendered":"https:\/\/renowacja.katedraopolska.pl\/?page_id=5542"},"modified":"2021-06-18T16:26:54","modified_gmt":"2021-06-18T14:26:54","slug":"galeria","status":"publish","type":"page","link":"https:\/\/renowacja.katedraopolska.pl\/cz\/galeria\/","title":{"rendered":"Galerie"},"content":{"rendered":"[vc_row css=\".vc_custom_1403683187490{padding-top: 50px !important;padding-bottom: 60px !important;}\"][vc_column]<div class=\"separator_block center\" style=\"margin-bottom:30px;\"><h3>GALERIE<\/h3><div class=\"separator short\"><div class=\"separator_line\"><\/div><\/div><div class=\"clearfix\"><\/div><\/div>[vc_row_inner][vc_column_inner width=\"1\/3\"][vc_hoverbox image=\"5447\" primary_title=\"\" hover_title=\"VN\u011aJ\u0160\u00cd FAS\u00c1DY A EPITAFY\" hover_title_font_container=\"color:%23ffffff\" hover_title_use_theme_fonts=\"yes\" shape=\"square\" hover_background_color=\"custom\" hover_btn_title=\"see\" hover_btn_color=\"orange\" use_custom_fonts_hover_title=\"true\" hover_add_button=\"true\" hover_btn_link=\"url:https%3A%2F%2Frenowacja.katedraopolska.pl%2Fgaleria%2Fgaleria-elewacje-i-epitafia%2F|||\" hover_custom_background=\"#516fb4\"][\/vc_hoverbox][\/vc_column_inner][vc_column_inner width=\"1\/3\"][vc_hoverbox image=\"5590\" primary_title=\"\" hover_title=\"INTERI\u00c9R KATEDR\u00c1LY\" hover_title_font_container=\"color:%23ffffff\" hover_title_use_theme_fonts=\"yes\" shape=\"square\" hover_background_color=\"custom\" hover_btn_title=\"see\" hover_btn_color=\"orange\" use_custom_fonts_hover_title=\"true\" hover_add_button=\"true\" hover_custom_background=\"#516fb4\" hover_btn_link=\"url:http%3A%2F%2Frenowacja.katedraopolska.pl%2Fwnetrze-katedry-galeria%2F|||\"][\/vc_hoverbox][\/vc_column_inner][vc_column_inner width=\"1\/3\"][vc_hoverbox image=\"5320\" primary_title=\"\" hover_title=\"KAPLE JANA NEPOMUCK\u00c9HO\" hover_title_font_container=\"color:%23ffffff\" hover_title_use_theme_fonts=\"yes\" shape=\"square\" hover_background_color=\"custom\" hover_btn_title=\"see\" hover_btn_color=\"orange\" use_custom_fonts_hover_title=\"true\" hover_add_button=\"true\" hover_custom_background=\"#516fb4\" hover_btn_link=\"url:http%3A%2F%2Frenowacja.katedraopolska.pl%2Fkaplica-nepomucena-galeria%2F|||\"][\/vc_hoverbox][\/vc_column_inner][\/vc_row_inner][\/vc_column][\/vc_row][vc_row css=\".vc_custom_1515058111005{margin-bottom: 0px !important;padding-top: 50px !important;padding-bottom: 20px !important;background-color: #ffd962 !important;}\"][vc_column][vc_column_text]\n<h3 style=\"text-align: center; font-size: 36px;\"><span style=\"color: #ffffff;\">Z \u00facty k minulosti, <span style=\"color: #516fb4;\">postarejme se o budoucnost<\/span><\/span><\/h3>\n[\/vc_column_text][\/vc_column][\/vc_row]","protected":false},"excerpt":{"rendered":"<p>[vc_row css=&#8220;.vc_custom_1403683187490{padding-top: 50px !important;padding-bottom: 60px !important;}&#8220;][vc_column][vc_row_inner][vc_column_inner width=&#8220;1\/3&#8243;][vc_hoverbox image=&#8220;5447&#8243; primary_title=&#8220;&#8220; hover_title=&#8220;VN\u011aJ\u0160\u00cd FAS\u00c1DY A EPITAFY&#8220; hover_title_font_container=&#8220;color:%23ffffff&#8220; hover_title_use_theme_fonts=&#8220;yes&#8220; shape=&#8220;square&#8220; hover_background_color=&#8220;custom&#8220; hover_btn_title=&#8220;see&#8220; hover_btn_color=&#8220;orange&#8220; use_custom_fonts_hover_title=&#8220;true&#8220; hover_add_button=&#8220;true&#8220; hover_btn_link=&#8220;url:https%3A%2F%2Frenowacja.katedraopolska.pl%2Fgaleria%2Fgaleria-elewacje-i-epitafia%2F|||&#8220; hover_custom_background=&#8220;#516fb4&#8243;][\/vc_hoverbox][\/vc_column_inner][vc_column_inner width=&#8220;1\/3&#8243;][vc_hoverbox image=&#8220;5590&#8243; primary_title=&#8220;&#8220; hover_title=&#8220;INTERI\u00c9R KATEDR\u00c1LY&#8220; hover_title_font_container=&#8220;color:%23ffffff&#8220; hover_title_use_theme_fonts=&#8220;yes&#8220; shape=&#8220;square&#8220; hover_background_color=&#8220;custom&#8220; hover_btn_title=&#8220;see&#8220; hover_btn_color=&#8220;orange&#8220; use_custom_fonts_hover_title=&#8220;true&#8220; hover_add_button=&#8220;true&#8220; hover_custom_background=&#8220;#516fb4&#8243; hover_btn_link=&#8220;url:http%3A%2F%2Frenowacja.katedraopolska.pl%2Fwnetrze-katedry-galeria%2F|||&#8220;][\/vc_hoverbox][\/vc_column_inner][vc_column_inner width=&#8220;1\/3&#8243;][vc_hoverbox image=&#8220;5320&#8243; primary_title=&#8220;&#8220; hover_title=&#8220;KAPLE JANA NEPOMUCK\u00c9HO&#8220; hover_title_font_container=&#8220;color:%23ffffff&#8220; hover_title_use_theme_fonts=&#8220;yes&#8220; shape=&#8220;square&#8220; hover_background_color=&#8220;custom&#8220; hover_btn_title=&#8220;see&#8220; hover_btn_color=&#8220;orange&#8220; use_custom_fonts_hover_title=&#8220;true&#8220; hover_add_button=&#8220;true&#8220; hover_custom_background=&#8220;#516fb4&#8243; hover_btn_link=&#8220;url:http%3A%2F%2Frenowacja.katedraopolska.pl%2Fkaplica-nepomucena-galeria%2F|||&#8220;][\/vc_hoverbox][\/vc_column_inner][\/vc_row_inner][\/vc_column][\/vc_row][vc_row css=&#8220;.vc_custom_1515058111005{margin-bottom: 0px !important;padding-top: 50px !important;padding-bottom: 20px !important;background-color: #ffd962 !important;}&#8220;][vc_column][vc_column_text]<\/p>\n<h3 style=\"text-align: center; font-size: 36px;\"><span style=\"color: #ffffff;\">Z \u00facty k minulosti, <span style=\"color: #516fb4;\">postarejme se o budoucnost<\/span><\/span><\/h3>\n<p>[\/vc_column_text][\/vc_column][\/vc_row]<\/p>\n","protected":false},"author":1,"featured_media":0,"parent":0,"menu_order":0,"comment_status":"closed","ping_status":"closed","template":"page-fullwidth.php","meta":{"_acf_changed":false,"footnotes":""},"class_list":["post-5542","page","type-page","status-publish","hentry"],"acf":[],"_links":{"self":[{"href":"https:\/\/renowacja.katedraopolska.pl\/cz\/wp-json\/wp\/v2\/pages\/5542","targetHints":{"allow":["GET"]}}],"collection":[{"href":"https:\/\/renowacja.katedraopolska.pl\/cz\/wp-json\/wp\/v2\/pages"}],"about":[{"href":"https:\/\/renowacja.katedraopolska.pl\/cz\/wp-json\/wp\/v2\/types\/page"}],"author":[{"embeddable":true,"href":"https:\/\/renowacja.katedraopolska.pl\/cz\/wp-json\/wp\/v2\/users\/1"}],"replies":[{"embeddable":true,"href":"https:\/\/renowacja.katedraopolska.pl\/cz\/wp-json\/wp\/v2\/comments?post=5542"}],"version-history":[{"count":22,"href":"https:\/\/renowacja.katedraopolska.pl\/cz\/wp-json\/wp\/v2\/pages\/5542\/revisions"}],"predecessor-version":[{"id":6782,"href":"https:\/\/renowacja.katedraopolska.pl\/cz\/wp-json\/wp\/v2\/pages\/5542\/revisions\/6782"}],"wp:attachment":[{"href":"https:\/\/renowacja.katedraopolska.pl\/cz\/wp-json\/wp\/v2\/media?parent=5542"}],"curies":[{"name":"wp","href":"https:\/\/api.w.org\/{rel}","templated":true}]}}