{"id":5479,"date":"2018-01-30T13:14:10","date_gmt":"2018-01-30T12:14:10","guid":{"rendered":"https:\/\/renowacja.katedraopolska.pl\/?page_id=5479"},"modified":"2021-05-05T12:49:32","modified_gmt":"2021-05-05T10:49:32","slug":"po-renowacji","status":"publish","type":"page","link":"https:\/\/renowacja.katedraopolska.pl\/cz\/po-renowacji\/","title":{"rendered":"Rozsah prac\u00ed"},"content":{"rendered":"[vc_row css=\".vc_custom_1517314553000{margin-top: 50px !important;margin-bottom: 20px !important;}\"][vc_column]<div class=\"separator_block center\" style=\"margin-bottom:30px;\"><h3>renovace Opolsk\u00e9 katedr\u00e1ly<\/h3><div class=\"separator short\"><div class=\"separator_line\"><\/div><\/div><div class=\"clearfix\"><\/div><\/div>[\/vc_column][\/vc_row][vc_row css=\".vc_custom_1517221148108{margin-right: 0px !important;margin-left: 0px !important;border-top-width: 0px !important;border-right-width: 0px !important;border-bottom-width: 50px !important;border-left-width: 0px !important;padding-right: 0px !important;padding-bottom: 0px !important;padding-left: 0px !important;border-left-color: #ffffff !important;border-right-color: #ffffff !important;border-top-color: #ffffff !important;border-bottom-color: #ffffff !important;}\"][vc_column]<div class=\"row no-margin\"><div id=\"portfolio-wrap-4\"><div class=\"span4 portfolio-item no-margin \"><div class=\"portfolio-pic\"><img decoding=\"async\" src=\"https:\/\/renowacja.katedraopolska.pl\/wp-content\/uploads\/2021\/07\/wirtualny-spacer-470x340.jpg\" \/><div class=\"portfolio-overlay\"><a href=\"https:\/\/renowacja.katedraopolska.pl\/cz\/portfolio-item\/wirtualny-spacer\/\" title=\"(Polski) Wirtualny spacer\"><span class=\"overlay-link\"><i class=\"fa fa-share-square-o\"><\/i><\/span><\/a><\/div><\/div><div class=\"portfolio-title\"><a href=\"https:\/\/renowacja.katedraopolska.pl\/cz\/portfolio-item\/wirtualny-spacer\/\" title=\"(Polski) Wirtualny spacer\">(Polski) Wirtualny spacer<\/a><\/div><\/div><div class=\"term-main span4 portfolio-item no-margin \"><div class=\"portfolio-pic\"><img decoding=\"async\" src=\"https:\/\/renowacja.katedraopolska.pl\/wp-content\/uploads\/2018\/01\/korpus-470x340.jpg\" \/><div class=\"portfolio-overlay\"><a href=\"https:\/\/renowacja.katedraopolska.pl\/cz\/portfolio-item\/elewacje-zewnetrzne-i-epitafia\/\" title=\"Vn\u011bj\u0161\u00ed fas\u00e1dy a epitafy\"><span class=\"overlay-link\"><i class=\"fa fa-share-square-o\"><\/i><\/span><\/a><\/div><\/div><div class=\"portfolio-title\"><a href=\"https:\/\/renowacja.katedraopolska.pl\/cz\/portfolio-item\/elewacje-zewnetrzne-i-epitafia\/\" title=\"Vn\u011bj\u0161\u00ed fas\u00e1dy a epitafy\">Vn\u011bj\u0161\u00ed fas\u00e1dy a epitafy<\/a><\/div><\/div><div class=\"term-main span4 portfolio-item no-margin \"><div class=\"portfolio-pic\"><img decoding=\"async\" src=\"https:\/\/renowacja.katedraopolska.pl\/wp-content\/uploads\/2014\/01\/wn\u0119trze-470x340.jpg\" \/><div class=\"portfolio-overlay\"><a href=\"https:\/\/renowacja.katedraopolska.pl\/cz\/portfolio-item\/wnetrze-katedry\/\" title=\"Interi\u00e9r katedr\u00e1ly\"><span class=\"overlay-link\"><i class=\"fa fa-share-square-o\"><\/i><\/span><\/a><\/div><\/div><div class=\"portfolio-title\"><a href=\"https:\/\/renowacja.katedraopolska.pl\/cz\/portfolio-item\/wnetrze-katedry\/\" title=\"Interi\u00e9r katedr\u00e1ly\">Interi\u00e9r katedr\u00e1ly<\/a><\/div><\/div><div class=\"term-main span4 portfolio-item no-margin \"><div class=\"portfolio-pic\"><img decoding=\"async\" src=\"https:\/\/renowacja.katedraopolska.pl\/wp-content\/uploads\/2018\/02\/MG_1125-470x340.jpg\" \/><div class=\"portfolio-overlay\"><a href=\"https:\/\/renowacja.katedraopolska.pl\/cz\/portfolio-item\/kaplica-nepomucena\/\" title=\"Kaple Jana Nepomuck\u00e9ho\"><span class=\"overlay-link\"><i class=\"fa fa-share-square-o\"><\/i><\/span><\/a><\/div><\/div><div class=\"portfolio-title\"><a href=\"https:\/\/renowacja.katedraopolska.pl\/cz\/portfolio-item\/kaplica-nepomucena\/\" title=\"Kaple Jana Nepomuck\u00e9ho\">Kaple Jana Nepomuck\u00e9ho<\/a><\/div><\/div><div class=\"span4 portfolio-item no-margin \"><div class=\"portfolio-pic\"><img decoding=\"async\" src=\"https:\/\/renowacja.katedraopolska.pl\/wp-content\/uploads\/2017\/12\/plac-470x340.jpg\" \/><div class=\"portfolio-overlay\"><a href=\"https:\/\/renowacja.katedraopolska.pl\/cz\/portfolio-item\/plac-katedralny\/\" title=\"Plac katedralny\"><span class=\"overlay-link\"><i class=\"fa fa-share-square-o\"><\/i><\/span><\/a><\/div><\/div><div class=\"portfolio-title\"><a href=\"https:\/\/renowacja.katedraopolska.pl\/cz\/portfolio-item\/plac-katedralny\/\" title=\"Plac katedralny\">Plac katedralny<\/a><\/div><\/div><div class=\"span4 portfolio-item no-margin \"><div class=\"portfolio-pic\"><img decoding=\"async\" src=\"https:\/\/renowacja.katedraopolska.pl\/wp-content\/uploads\/2017\/12\/strych-katedry-470x340.png\" \/><div class=\"portfolio-overlay\"><a href=\"https:\/\/renowacja.katedraopolska.pl\/cz\/portfolio-item\/wieze-i-strych\/\" title=\"Wie\u017ce i strych Katedry\"><span class=\"overlay-link\"><i class=\"fa fa-share-square-o\"><\/i><\/span><\/a><\/div><\/div><div class=\"portfolio-title\"><a href=\"https:\/\/renowacja.katedraopolska.pl\/cz\/portfolio-item\/wieze-i-strych\/\" title=\"Wie\u017ce i strych Katedry\">Wie\u017ce i strych Katedry<\/a><\/div><\/div><\/div><\/div>[\/vc_column][\/vc_row][vc_row css=\".vc_custom_1515058111005{margin-bottom: 0px !important;padding-top: 50px !important;padding-bottom: 20px !important;background-color: #ffd962 !important;}\"][vc_column][vc_column_text]\n<h3 style=\"text-align: center; font-size: 36px;\"><span style=\"color: #ffffff;\">Z \u00facty k minulosti, <span style=\"color: #516fb4;\">postarejme se o budoucnost<\/span><\/span><\/h3>\n[\/vc_column_text][\/vc_column][\/vc_row]","protected":false},"excerpt":{"rendered":"","protected":false},"author":1,"featured_media":0,"parent":0,"menu_order":0,"comment_status":"closed","ping_status":"closed","template":"page-fullwidth.php","meta":{"_acf_changed":false,"footnotes":""},"class_list":["post-5479","page","type-page","status-publish","hentry"],"acf":[],"_links":{"self":[{"href":"https:\/\/renowacja.katedraopolska.pl\/cz\/wp-json\/wp\/v2\/pages\/5479","targetHints":{"allow":["GET"]}}],"collection":[{"href":"https:\/\/renowacja.katedraopolska.pl\/cz\/wp-json\/wp\/v2\/pages"}],"about":[{"href":"https:\/\/renowacja.katedraopolska.pl\/cz\/wp-json\/wp\/v2\/types\/page"}],"author":[{"embeddable":true,"href":"https:\/\/renowacja.katedraopolska.pl\/cz\/wp-json\/wp\/v2\/users\/1"}],"replies":[{"embeddable":true,"href":"https:\/\/renowacja.katedraopolska.pl\/cz\/wp-json\/wp\/v2\/comments?post=5479"}],"version-history":[{"count":12,"href":"https:\/\/renowacja.katedraopolska.pl\/cz\/wp-json\/wp\/v2\/pages\/5479\/revisions"}],"predecessor-version":[{"id":6470,"href":"https:\/\/renowacja.katedraopolska.pl\/cz\/wp-json\/wp\/v2\/pages\/5479\/revisions\/6470"}],"wp:attachment":[{"href":"https:\/\/renowacja.katedraopolska.pl\/cz\/wp-json\/wp\/v2\/media?parent=5479"}],"curies":[{"name":"wp","href":"https:\/\/api.w.org\/{rel}","templated":true}]}}