{"id":5237,"date":"2017-12-15T11:24:55","date_gmt":"2017-12-15T10:24:55","guid":{"rendered":"https:\/\/renowacja.katedraopolska.pl\/?page_id=5237"},"modified":"2021-05-05T12:51:22","modified_gmt":"2021-05-05T10:51:22","slug":"pomoc-katedrze","status":"publish","type":"page","link":"https:\/\/renowacja.katedraopolska.pl\/cz\/pomoc-katedrze\/","title":{"rendered":"Kapitu\u0142a Odnowy Katedry"},"content":{"rendered":"[vc_row css=\".vc_custom_1403683187490{padding-top: 50px !important;padding-bottom: 60px !important;}\"][vc_column]<div class=\"separator_block center\" style=\"margin-bottom:30px;\"><h3>Z \u00facty k minulosti, postarejme se o budoucnost<\/h3><div class=\"separator short\"><div class=\"separator_line\"><\/div><\/div><div class=\"clearfix\"><\/div><\/div>[vc_column_text css=\".vc_custom_1517218129106{margin-bottom: 40px !important;}\"]Kieruj\u0105c si\u0119 odpowiedzialno\u015bci\u0105 i trosk\u0105 o nasz\u0105 wsp\u00f3ln\u0105 spu\u015bcizn\u0119 duchow\u0105 i materialn\u0105, z dniem 1 stycznia 2015 roku dekretem Biskupa Opolskiego zosta\u0142a powo\u0142ana do \u017cycia Kapitu\u0142a Odnowy Katedry Opolskiej. Celem Kapitu\u0142y jest podj\u0119cie dzia\u0142a\u0144 promuj\u0105cych dzie\u0142o odnowy Katedry oraz poszukiwanie \u017ar\u00f3de\u0142 jej wsp\u00f3\u0142finansowania. Kapitu\u0142a posiada charakter spo\u0142eczny. Zosta\u0142a ukonstytuowana dzi\u0119ki integracji r\u00f3\u017cnorodnych \u015brodowisk spo\u0142ecznych: ko\u015bcielnych, biznesu, stowarzysze\u0144 i instytucji, medi\u00f3w, uczelni wy\u017cszych, mecenas\u00f3w kultury i sztuki, artyst\u00f3w oraz innych. W li\u015bcie do mieszka\u0144c\u00f3w diecezji biskup opolski ks. Andrzej Czaja napisa\u0142:[\/vc_column_text][\/vc_column][\/vc_row][vc_row][vc_column][vc_single_image image=\"5749\" img_size=\"full\" alignment=\"center\"]<div class=\"separator_block center\" style=\"margin-bottom:30px;\"><h3>Podpo\u0159te rekonstrukci katedr\u00e1ly <\/h3><div class=\"separator short\"><div class=\"separator_line\"><\/div><\/div><div class=\"subtitle\" style=\"margin-top:25px;\"><p>Ka\u017cdy, kto chce wesprze\u0107 renowacj\u0119 Katedry mo\u017ce dokona\u0107 wp\u0142at na utworzone specjalnie na ten cel konta: <\/p>\n<\/div><div class=\"clearfix\"><\/div><\/div>[\/vc_column][\/vc_row][vc_row css=\".vc_custom_1517218666117{padding-top: 50px !important;padding-bottom: 30px !important;background-color: #516fb4 !important;}\"][vc_column][vc_column_text css=\".vc_custom_1521201488083{margin-bottom: 40px !important;}\"]\n<p style=\"text-align: center;\"><span style=\"color: #ffffff;\"><span style=\"color: #ffffff;\">Katedralny 2, 45-005 Opole<\/span><\/span><\/p>\n<p style=\"text-align: center;\"><span style=\"color: #ffffff;\">Bank BG\u017b S.A. pobo\u010dka Opole<\/span><\/p>\n<h3 style=\"text-align: center;\"><span style=\"color: #ffd962;\">\u010d. \u00fa\u010dtu: 91 2030 0045 1110 0000 0276 5780<\/span><\/h3>\n<h3 style=\"text-align: center;\"><span style=\"color: #ffd962;\">IBAN: PL 04 2030 0045 3110 0000 0031 2380<\/span><\/h3>\n<h4 style=\"text-align: center;\"><span style=\"color: #ffd962;\">SWIFT (BIC): GOPZPLPW<\/span><\/h4>\n<h5 style=\"text-align: center;\"><span style=\"color: #ffffff;\">N\u00e1zev platby: \"Dar pro n\u00e1bo\u017eensk\u00e9 \u00fa\u010dely - renovace Opolsk\u00e9 katedr\u00e1ly\"*<\/span><\/h5>\n<p style=\"text-align: center;\"><span style=\"color: #ffffff;\">*Darowizn\u0119 mo\u017cna odliczy\u0107 od podstawy opodatkowania (dochodu) w rocznym rozliczeniu PIT lub CIT<\/span><\/p>\n[\/vc_column_text][\/vc_column][\/vc_row][vc_row css=\".vc_custom_1403687756391{margin-top: 0px !important;margin-bottom: 0px !important;border-top-width: 0px !important;border-bottom-width: 1px !important;padding-top: 40px !important;padding-bottom: 60px !important;border-color: #d9dddf !important;}\"][vc_column]<div class=\"separator_block center\" style=\"margin-bottom:30px;\"><h3>DOKUMENTY<\/h3><div class=\"separator short\"><div class=\"separator_line\"><\/div><\/div><div class=\"subtitle\" style=\"margin-top:25px;\"><p>Aby do\u0142\u0105czy\u0107 do grona cz\u0142onk\u00f3w Kapitu\u0142y nale\u017cy zapozna\u0107 si\u0119 z jej Regulaminem, wype\u0142ni\u0107 Deklaracj\u0119 wsparcia dzie\u0142a odnowy Katedry i przes\u0142a\u0107 j\u0105 na adres:<\/p>\n<\/div><div class=\"clearfix\"><\/div><\/div>[vc_column_text css=\".vc_custom_1517218612171{margin-bottom: 40px !important;}\"]\n<h4 style=\"text-align: center;\"><span style=\"color: #516fb4;\"><a style=\"color: #516fb4;\" href=\"mailto:kapitula@diecezja.opole.pl\">kapitula@diecezja.opole.pl<\/a><\/span><\/h4>\n[\/vc_column_text][vc_row_inner][vc_column_inner width=\"1\/3\"]<div class=\"iconbox text_center framed top_icon_circle\" style=\"\"><div class=\"top_icon_circle aligncenter\"><i class=\"icon fa fa fa-download standard circle\" style=\"color:#516fb4; background-color:#ffffff; border-color:#516fb4;\"><\/i><h3>REGULAMIN<\/h3><\/div><div class=\"excerpt\"><\/div><\/div>[\/vc_column_inner][vc_column_inner width=\"1\/3\"]<div class=\"iconbox text_center framed top_icon_circle\" style=\"\"><div class=\"top_icon_circle aligncenter\"><i class=\"icon fa fa fa-download standard circle\" style=\"color:#516fb4; background-color:#ffffff; border-color:#516fb4;\"><\/i><h3>DEKLARACJA<\/h3><\/div><div class=\"excerpt\"><\/div><\/div>[\/vc_column_inner][vc_column_inner width=\"1\/3\"]<div class=\"iconbox text_center framed top_icon_circle\" style=\"\"><div class=\"top_icon_circle aligncenter\"><i class=\"icon fa fa fa-download standard circle\" style=\"color:#516fb4; background-color:#ffffff; border-color:#516fb4;\"><\/i><h3>LIST INTENCYJNY<\/h3><\/div><div class=\"excerpt\"><\/div><\/div>[\/vc_column_inner][\/vc_row_inner][\/vc_column][\/vc_row][vc_row css=\".vc_custom_1515058111005{margin-bottom: 0px !important;padding-top: 50px !important;padding-bottom: 20px !important;background-color: #ffd962 !important;}\"][vc_column][vc_column_text]\n<h3 style=\"text-align: center; font-size: 36px;\"><span style=\"color: #ffffff;\">Z \u00facty k minulosti, <span style=\"color: #516fb4;\">postarejme se o budoucnost<\/span><\/span><\/h3>\n[\/vc_column_text][\/vc_column][\/vc_row]","protected":false},"excerpt":{"rendered":"<p>[vc_row css=&#8220;.vc_custom_1403683187490{padding-top: 50px !important;padding-bottom: 60px !important;}&#8220;][vc_column][vc_column_text css=&#8220;.vc_custom_1517218129106{margin-bottom: 40px !important;}&#8220;]Kieruj\u0105c si\u0119 odpowiedzialno\u015bci\u0105 i trosk\u0105 o nasz\u0105 wsp\u00f3ln\u0105 spu\u015bcizn\u0119 duchow\u0105 i materialn\u0105, z dniem 1 stycznia 2015 roku dekretem Biskupa Opolskiego zosta\u0142a powo\u0142ana do \u017cycia Kapitu\u0142a Odnowy Katedry Opolskiej. Celem Kapitu\u0142y jest podj\u0119cie dzia\u0142a\u0144 promuj\u0105cych dzie\u0142o odnowy Katedry oraz poszukiwanie \u017ar\u00f3de\u0142 jej wsp\u00f3\u0142finansowania. Kapitu\u0142a posiada charakter spo\u0142eczny. Zosta\u0142a ukonstytuowana dzi\u0119ki integracji r\u00f3\u017cnorodnych \u015brodowisk spo\u0142ecznych: ko\u015bcielnych, biznesu, stowarzysze\u0144 i instytucji, medi\u00f3w, uczelni wy\u017cszych, mecenas\u00f3w kultury i sztuki, artyst\u00f3w oraz innych. W li\u015bcie do mieszka\u0144c\u00f3w diecezji biskup opolski ks. Andrzej Czaja napisa\u0142:[\/vc_column_text][\/vc_column][\/vc_row][vc_row][vc_column][vc_single_image image=&#8220;5749&#8243; img_size=&#8220;full&#8220;<\/p>\n","protected":false},"author":1,"featured_media":0,"parent":0,"menu_order":0,"comment_status":"closed","ping_status":"open","template":"page-fullwidth.php","meta":{"_acf_changed":false,"footnotes":""},"class_list":["post-5237","page","type-page","status-publish","hentry"],"acf":[],"_links":{"self":[{"href":"https:\/\/renowacja.katedraopolska.pl\/cz\/wp-json\/wp\/v2\/pages\/5237","targetHints":{"allow":["GET"]}}],"collection":[{"href":"https:\/\/renowacja.katedraopolska.pl\/cz\/wp-json\/wp\/v2\/pages"}],"about":[{"href":"https:\/\/renowacja.katedraopolska.pl\/cz\/wp-json\/wp\/v2\/types\/page"}],"author":[{"embeddable":true,"href":"https:\/\/renowacja.katedraopolska.pl\/cz\/wp-json\/wp\/v2\/users\/1"}],"replies":[{"embeddable":true,"href":"https:\/\/renowacja.katedraopolska.pl\/cz\/wp-json\/wp\/v2\/comments?post=5237"}],"version-history":[{"count":32,"href":"https:\/\/renowacja.katedraopolska.pl\/cz\/wp-json\/wp\/v2\/pages\/5237\/revisions"}],"predecessor-version":[{"id":6467,"href":"https:\/\/renowacja.katedraopolska.pl\/cz\/wp-json\/wp\/v2\/pages\/5237\/revisions\/6467"}],"wp:attachment":[{"href":"https:\/\/renowacja.katedraopolska.pl\/cz\/wp-json\/wp\/v2\/media?parent=5237"}],"curies":[{"name":"wp","href":"https:\/\/api.w.org\/{rel}","templated":true}]}}