{"id":5233,"date":"2017-12-15T11:24:06","date_gmt":"2017-12-15T10:24:06","guid":{"rendered":"https:\/\/renowacja.katedraopolska.pl\/?page_id=5233"},"modified":"2021-01-26T16:26:33","modified_gmt":"2021-01-26T15:26:33","slug":"do-pobrania","status":"publish","type":"page","link":"https:\/\/renowacja.katedraopolska.pl\/cz\/do-pobrania\/","title":{"rendered":"Do pobrania"},"content":{"rendered":"[vc_row css=\".vc_custom_1513348701487{margin-top: 100px !important;}\"][vc_column]<div class=\"separator_block center\" style=\"margin-bottom:30px;\"><h3>Do pobrania<\/h3><div class=\"separator short\"><div class=\"separator_line\"><\/div><\/div><div class=\"clearfix\"><\/div><\/div>[\/vc_column][\/vc_row][vc_row css=\".vc_custom_1517221148108{margin-right: 0px !important;margin-left: 0px !important;border-top-width: 0px !important;border-right-width: 0px !important;border-bottom-width: 50px !important;border-left-width: 0px !important;padding-right: 0px !important;padding-bottom: 0px !important;padding-left: 0px !important;border-left-color: #ffffff !important;border-right-color: #ffffff !important;border-top-color: #ffffff !important;border-bottom-color: #ffffff !important;}\"][vc_column width=\"1\/4\"]<div class=\"iconbox text_center framed top_icon_circle\" style=\"\"><div class=\"top_icon_circle aligncenter\"><a href=\"https:\/\/renowacja.katedraopolska.pl\/wp-content\/uploads\/2018\/06\/Katedra-Opolska-KIW-prezentacja-18.06.2018.pptx\" target=\"_blank\"><i class=\"icon fa fa fa-download standard circle\" style=\"color:#516fb4; background-color:#ffffff; border-color:#516fb4;\"><\/i><\/a><h3>PREZENTACJA NR 1<\/h3><\/div><div class=\"excerpt\"><\/div><\/div>[\/vc_column][vc_column width=\"1\/4\"]<div class=\"iconbox text_center framed top_icon_circle\" style=\"\"><div class=\"top_icon_circle aligncenter\"><a href=\"https:\/\/renowacja.katedraopolska.pl\/wp-content\/uploads\/2018\/02\/ulotka_kapitula_2015.pdf\" target=\"_blank\"><i class=\"icon fa fa fa-download standard circle\" style=\"color:#516fb4; background-color:#ffffff; border-color:#516fb4;\"><\/i><\/a><h3>ULOTKA<\/h3><\/div><div class=\"excerpt\"><\/div><\/div>[\/vc_column][vc_column width=\"1\/4\"]<div class=\"iconbox text_center framed top_icon_circle\" style=\"\"><div class=\"top_icon_circle aligncenter\"><a href=\"https:\/\/renowacja.katedraopolska.pl\/wp-content\/uploads\/2018\/02\/plakat-renowacja.pdf\" target=\"_blank\"><i class=\"icon fa fa fa-download standard circle\" style=\"color:#516fb4; background-color:#ffffff; border-color:#516fb4;\"><\/i><\/a><h3>PLAKAT<\/h3><\/div><div class=\"excerpt\"><\/div><\/div>[\/vc_column][vc_column width=\"1\/4\"]<div class=\"iconbox text_center framed top_icon_circle\" style=\"\"><div class=\"top_icon_circle aligncenter\"><a href=\"https:\/\/renowacja.katedraopolska.pl\/wp-content\/uploads\/2018\/02\/Baner-renowacja.pdf\" target=\"_blank\"><i class=\"icon fa fa fa-download standard circle\" style=\"color:#516fb4; background-color:#ffffff; border-color:#516fb4;\"><\/i><\/a><h3>BANER<\/h3><\/div><div class=\"excerpt\"><\/div><\/div>[\/vc_column][\/vc_row][vc_row css=\".vc_custom_1513348701487{margin-top: 100px !important;}\"][vc_column]<div class=\"separator_block center\" style=\"margin-bottom:30px;\"><h3>Materia\u0142y prasowe do pobrania<\/h3><div class=\"separator short\"><div class=\"separator_line\"><\/div><\/div><div class=\"clearfix\"><\/div><\/div>[\/vc_column][\/vc_row][vc_row css=\".vc_custom_1517221148108{margin-right: 0px !important;margin-left: 0px !important;border-top-width: 0px !important;border-right-width: 0px !important;border-bottom-width: 50px !important;border-left-width: 0px !important;padding-right: 0px !important;padding-bottom: 0px !important;padding-left: 0px !important;border-left-color: #ffffff !important;border-right-color: #ffffff !important;border-top-color: #ffffff !important;border-bottom-color: #ffffff !important;}\"][vc_column width=\"1\/3\"][\/vc_column][vc_column width=\"1\/3\"]<div class=\"iconbox text_center framed top_icon_circle\" style=\"\"><div class=\"top_icon_circle aligncenter\"><a href=\"https:\/\/renowacja.katedraopolska.pl\/wp-content\/uploads\/2018\/01\/Konferencja-prasowa-Katedra-15.11.2017.pdf\" target=\"_blank\"><i class=\"icon fa fa fa-download standard circle\" style=\"color:#516fb4; background-color:#ffffff; border-color:#516fb4;\"><\/i><\/a><h3>Konferencja prasowa - 15.11.2017<\/h3><\/div><div class=\"excerpt\">\n<p style=\"text-align: center;\">Regotyzacja \u2013 ekspozycja gotyckich w\u0105tk\u00f3w ceglanych \u015bcian,<br \/>\nfilar\u00f3w mi\u0119dzynawowych i \u017ceber sklepiennych<\/p>\n<\/div><\/div>[\/vc_column][vc_column width=\"1\/3\"][\/vc_column][\/vc_row][vc_row css=\".vc_custom_1515058111005{margin-bottom: 0px !important;padding-top: 50px !important;padding-bottom: 20px !important;background-color: #ffd962 !important;}\"][vc_column][vc_column_text]\n<h3 style=\"text-align: center; font-size: 36px;\"><span style=\"color: #ffffff;\">: Z \u00facty k minulosti, <span style=\"color: #516fb4;\">postarejme se o budoucnost<\/span><\/span><\/h3>\n[\/vc_column_text][\/vc_column][\/vc_row]","protected":false},"excerpt":{"rendered":"<p>[vc_row css=&#8220;.vc_custom_1513348701487{margin-top: 100px !important;}&#8220;][vc_column][\/vc_column][\/vc_row][vc_row css=&#8220;.vc_custom_1517221148108{margin-right: 0px !important;margin-left: 0px !important;border-top-width: 0px !important;border-right-width: 0px !important;border-bottom-width: 50px !important;border-left-width: 0px !important;padding-right: 0px !important;padding-bottom: 0px !important;padding-left: 0px !important;border-left-color: #ffffff !important;border-right-color: #ffffff !important;border-top-color: #ffffff !important;border-bottom-color: #ffffff !important;}&#8220;][vc_column width=&#8220;1\/4&#8243;][\/vc_column][vc_column width=&#8220;1\/4&#8243;][\/vc_column][vc_column width=&#8220;1\/4&#8243;][\/vc_column][vc_column width=&#8220;1\/4&#8243;][\/vc_column][\/vc_row][vc_row css=&#8220;.vc_custom_1513348701487{margin-top: 100px !important;}&#8220;][vc_column][\/vc_column][\/vc_row][vc_row css=&#8220;.vc_custom_1517221148108{margin-right: 0px !important;margin-left: 0px !important;border-top-width: 0px !important;border-right-width: 0px !important;border-bottom-width: 50px !important;border-left-width: 0px !important;padding-right: 0px !important;padding-bottom: 0px !important;padding-left: 0px !important;border-left-color: #ffffff !important;border-right-color: #ffffff !important;border-top-color: #ffffff !important;border-bottom-color: #ffffff !important;}&#8220;][vc_column width=&#8220;1\/3&#8243;][\/vc_column][vc_column width=&#8220;1\/3&#8243;][\/vc_column][vc_column width=&#8220;1\/3&#8243;][\/vc_column][\/vc_row][vc_row css=&#8220;.vc_custom_1515058111005{margin-bottom: 0px !important;padding-top: 50px !important;padding-bottom: 20px !important;background-color: #ffd962 !important;}&#8220;][vc_column][vc_column_text]<\/p>\n<h3 style=\"text-align: center; font-size: 36px;\"><span style=\"color: #ffffff;\">: Z \u00facty k minulosti, <span style=\"color: #516fb4;\">postarejme se o budoucnost<\/span><\/span><\/h3>\n<p>[\/vc_column_text][\/vc_column][\/vc_row]<\/p>\n","protected":false},"author":1,"featured_media":0,"parent":0,"menu_order":0,"comment_status":"closed","ping_status":"open","template":"page-fullwidth.php","meta":{"_acf_changed":false,"footnotes":""},"class_list":["post-5233","page","type-page","status-publish","hentry"],"acf":[],"_links":{"self":[{"href":"https:\/\/renowacja.katedraopolska.pl\/cz\/wp-json\/wp\/v2\/pages\/5233","targetHints":{"allow":["GET"]}}],"collection":[{"href":"https:\/\/renowacja.katedraopolska.pl\/cz\/wp-json\/wp\/v2\/pages"}],"about":[{"href":"https:\/\/renowacja.katedraopolska.pl\/cz\/wp-json\/wp\/v2\/types\/page"}],"author":[{"embeddable":true,"href":"https:\/\/renowacja.katedraopolska.pl\/cz\/wp-json\/wp\/v2\/users\/1"}],"replies":[{"embeddable":true,"href":"https:\/\/renowacja.katedraopolska.pl\/cz\/wp-json\/wp\/v2\/comments?post=5233"}],"version-history":[{"count":32,"href":"https:\/\/renowacja.katedraopolska.pl\/cz\/wp-json\/wp\/v2\/pages\/5233\/revisions"}],"predecessor-version":[{"id":6419,"href":"https:\/\/renowacja.katedraopolska.pl\/cz\/wp-json\/wp\/v2\/pages\/5233\/revisions\/6419"}],"wp:attachment":[{"href":"https:\/\/renowacja.katedraopolska.pl\/cz\/wp-json\/wp\/v2\/media?parent=5233"}],"curies":[{"name":"wp","href":"https:\/\/api.w.org\/{rel}","templated":true}]}}