{"id":4796,"date":"2014-04-09T11:06:35","date_gmt":"2014-04-09T11:06:35","guid":{"rendered":"http:\/\/richer.artstudioworks.net\/?page_id=4726"},"modified":"2014-04-09T11:06:35","modified_gmt":"2014-04-09T11:06:35","slug":"posts-grid-page","status":"publish","type":"page","link":"https:\/\/renowacja.katedraopolska.pl\/cz\/posts-grid-page\/","title":{"rendered":"Posts grid page"},"content":{"rendered":"[vc_row][vc_column width=\"1\/1\"]<div class=\"row-fluid\"><div id=\"blog_items_wrap\"><div class=\"span4\"><div class=\"blog-item\"><figure class=\"thumbnail\"><img decoding=\"async\" src=\"https:\/\/renowacja.katedraopolska.pl\/wp-content\/uploads\/2021\/12\/002-202111282039-470x240.jpg\" alt=\"\"\/><\/figure><div class=\"blog-item-description\"><h6><a href=\"https:\/\/renowacja.katedraopolska.pl\/cz\/2021\/12\/07\/dziekujemy-za-udzial-w-xiii-koncercie\/\" title=\"(Polski) Dzi\u0119kujemy za udzia\u0142 w XIII koncercie\">(Polski) Dzi\u0119kujemy za udzia\u0142 w XIII koncercie<\/a><\/h6><div class=\"date\"><span>prosinec 7, 2021<\/span><\/div><div class=\"blog-item-excerpt\"><p class=\"qtranxs-available-languages-message qtranxs-available-languages-message-cz\">Sorry, this entry is only available in Polski.<\/p>\n <a class=\"more\" href=\"https:\/\/renowacja.katedraopolska.pl\/cz\/2021\/12\/07\/dziekujemy-za-udzial-w-xiii-koncercie\/\">Continue reading<\/a><\/div><\/div><\/div><\/div><div class=\"span4\"><div class=\"blog-item\"><figure class=\"thumbnail\"><img decoding=\"async\" src=\"https:\/\/renowacja.katedraopolska.pl\/wp-content\/uploads\/2021\/11\/plakat_katedra_koncert_13-4x3-470x240.jpg\" alt=\"\"\/><\/figure><div class=\"blog-item-description\"><h6><a href=\"https:\/\/renowacja.katedraopolska.pl\/cz\/2021\/11\/23\/xiii-koncert-z-serii-organowe-inspiracje\/\" title=\"(Polski) XIII koncert z serii Organowe Inspiracje\">(Polski) XIII koncert z serii Organowe Inspiracje<\/a><\/h6><div class=\"date\"><span>listopad 23, 2021<\/span><\/div><div class=\"blog-item-excerpt\"><p class=\"qtranxs-available-languages-message qtranxs-available-languages-message-cz\">Sorry, this entry is only available in Polski.<\/p>\n <a class=\"more\" href=\"https:\/\/renowacja.katedraopolska.pl\/cz\/2021\/11\/23\/xiii-koncert-z-serii-organowe-inspiracje\/\">Continue reading<\/a><\/div><\/div><\/div><\/div><div class=\"span4\"><div class=\"blog-item\"><figure class=\"thumbnail\"><img decoding=\"async\" src=\"https:\/\/renowacja.katedraopolska.pl\/wp-content\/uploads\/2021\/10\/plakat_katedra_koncert_12-16x9-470x240.jpg\" alt=\"\"\/><\/figure><div class=\"blog-item-description\"><h6><a href=\"https:\/\/renowacja.katedraopolska.pl\/cz\/2021\/10\/20\/xii-koncert-z-serii-organowe-inspiracje\/\" title=\"(Polski) XII koncert z serii Organowe Inspiracje\">(Polski) XII koncert z serii Organowe Inspiracje<\/a><\/h6><div class=\"date\"><span>\u0159\u00edjen 20, 2021<\/span><\/div><div class=\"blog-item-excerpt\"><p class=\"qtranxs-available-languages-message qtranxs-available-languages-message-cz\">Sorry, this entry is only available in Polski.<\/p>\n <a class=\"more\" href=\"https:\/\/renowacja.katedraopolska.pl\/cz\/2021\/10\/20\/xii-koncert-z-serii-organowe-inspiracje\/\">Continue reading<\/a><\/div><\/div><\/div><\/div><div class=\"clearfix\"><\/div><div class=\"span4\"><div class=\"blog-item\"><figure class=\"thumbnail\"><img decoding=\"async\" src=\"https:\/\/renowacja.katedraopolska.pl\/wp-content\/uploads\/2021\/09\/000-202109281512-470x240.jpg\" alt=\"\"\/><\/figure><div class=\"blog-item-description\"><h6><a href=\"https:\/\/renowacja.katedraopolska.pl\/cz\/2021\/09\/28\/dziekujemy-za-udzial-w-xi-koncercie\/\" title=\"(Polski) Dzi\u0119kujemy za udzia\u0142 w XI koncercie\">(Polski) Dzi\u0119kujemy za udzia\u0142 w XI koncercie<\/a><\/h6><div class=\"date\"><span>z\u00e1\u0159\u00ed 28, 2021<\/span><\/div><div class=\"blog-item-excerpt\"><p class=\"qtranxs-available-languages-message qtranxs-available-languages-message-cz\">Sorry, this entry is only available in Polski.<\/p>\n <a class=\"more\" href=\"https:\/\/renowacja.katedraopolska.pl\/cz\/2021\/09\/28\/dziekujemy-za-udzial-w-xi-koncercie\/\">Continue reading<\/a><\/div><\/div><\/div><\/div><div class=\"span4\"><div class=\"blog-item\"><figure class=\"thumbnail\"><img decoding=\"async\" src=\"https:\/\/renowacja.katedraopolska.pl\/wp-content\/uploads\/2021\/09\/plakat_katedra_koncert_11-16x9-2-470x240.jpg\" alt=\"\"\/><\/figure><div class=\"blog-item-description\"><h6><a href=\"https:\/\/renowacja.katedraopolska.pl\/cz\/2021\/09\/22\/xi-koncert-z-serii-organowe-inspiracje\/\" title=\"(Polski) XI koncert z serii Organowe Inspiracje\">(Polski) XI koncert z serii Organowe Inspiracje<\/a><\/h6><div class=\"date\"><span>z\u00e1\u0159\u00ed 22, 2021<\/span><\/div><div class=\"blog-item-excerpt\"><p class=\"qtranxs-available-languages-message qtranxs-available-languages-message-cz\">Sorry, this entry is only available in Polski.<\/p>\n <a class=\"more\" href=\"https:\/\/renowacja.katedraopolska.pl\/cz\/2021\/09\/22\/xi-koncert-z-serii-organowe-inspiracje\/\">Continue reading<\/a><\/div><\/div><\/div><\/div><div class=\"span4\"><div class=\"blog-item\"><figure class=\"thumbnail\"><img decoding=\"async\" src=\"https:\/\/renowacja.katedraopolska.pl\/wp-content\/uploads\/2021\/09\/000-202108291932-1-470x240.jpg\" alt=\"\"\/><\/figure><div class=\"blog-item-description\"><h6><a href=\"https:\/\/renowacja.katedraopolska.pl\/cz\/2021\/09\/02\/dziekujemy-za-udzial-w-x-koncercie\/\" title=\"(Polski) Dzi\u0119kujemy za udzia\u0142 w X koncercie\">(Polski) Dzi\u0119kujemy za udzia\u0142 w X koncercie<\/a><\/h6><div class=\"date\"><span>z\u00e1\u0159\u00ed 2, 2021<\/span><\/div><div class=\"blog-item-excerpt\"><p class=\"qtranxs-available-languages-message qtranxs-available-languages-message-cz\">Sorry, this entry is only available in Polski.<\/p>\n <a class=\"more\" href=\"https:\/\/renowacja.katedraopolska.pl\/cz\/2021\/09\/02\/dziekujemy-za-udzial-w-x-koncercie\/\">Continue reading<\/a><\/div><\/div><\/div><\/div><div class=\"clearfix\"><\/div><div class=\"span4\"><div class=\"blog-item\"><figure class=\"thumbnail\"><img decoding=\"async\" src=\"https:\/\/renowacja.katedraopolska.pl\/wp-content\/uploads\/2021\/08\/plakat_katedra_koncert_10-652x301-470x240.jpg\" alt=\"\"\/><\/figure><div class=\"blog-item-description\"><h6><a href=\"https:\/\/renowacja.katedraopolska.pl\/cz\/2021\/08\/23\/x-koncert-z-serii-organowe-inspiracje\/\" title=\"(Polski) X koncert z serii Organowe Inspiracje\">(Polski) X koncert z serii Organowe Inspiracje<\/a><\/h6><div class=\"date\"><span>srpen 23, 2021<\/span><\/div><div class=\"blog-item-excerpt\"><p class=\"qtranxs-available-languages-message qtranxs-available-languages-message-cz\">Sorry, this entry is only available in Polski.<\/p>\n <a class=\"more\" href=\"https:\/\/renowacja.katedraopolska.pl\/cz\/2021\/08\/23\/x-koncert-z-serii-organowe-inspiracje\/\">Continue reading<\/a><\/div><\/div><\/div><\/div><div class=\"span4\"><div class=\"blog-item\"><figure class=\"thumbnail\"><img decoding=\"async\" src=\"https:\/\/renowacja.katedraopolska.pl\/wp-content\/uploads\/2021\/07\/002-202107252036-470x240.jpg\" alt=\"\"\/><\/figure><div class=\"blog-item-description\"><h6><a href=\"https:\/\/renowacja.katedraopolska.pl\/cz\/2021\/07\/27\/dziekujemy-za-udzial-w-ix-koncercie\/\" title=\"(Polski) Dzi\u0119kujemy za udzia\u0142 w IX koncercie\">(Polski) Dzi\u0119kujemy za udzia\u0142 w IX koncercie<\/a><\/h6><div class=\"date\"><span>\u010dervenec 27, 2021<\/span><\/div><div class=\"blog-item-excerpt\"><p class=\"qtranxs-available-languages-message qtranxs-available-languages-message-cz\">Sorry, this entry is only available in Polski.<\/p>\n <a class=\"more\" href=\"https:\/\/renowacja.katedraopolska.pl\/cz\/2021\/07\/27\/dziekujemy-za-udzial-w-ix-koncercie\/\">Continue reading<\/a><\/div><\/div><\/div><\/div><div class=\"span4\"><div class=\"blog-item\"><figure class=\"thumbnail\"><img decoding=\"async\" src=\"https:\/\/renowacja.katedraopolska.pl\/wp-content\/uploads\/2021\/07\/plakat_katedra_koncert_9-3-1-470x240.jpg\" alt=\"\"\/><\/figure><div class=\"blog-item-description\"><h6><a href=\"https:\/\/renowacja.katedraopolska.pl\/cz\/2021\/07\/19\/viii-koncert-z-serii-organowe-inspiracje-2\/\" title=\"(Polski) IX koncert z serii Organowe Inspiracje\">(Polski) IX koncert z serii Organowe Inspiracje<\/a><\/h6><div class=\"date\"><span>\u010dervenec 19, 2021<\/span><\/div><div class=\"blog-item-excerpt\"><p>Szanowni Pa\u0144stwo.<\/p>\n<p>Ju\u017c po raz IX w niedziel\u0119 25.07.2021r. o godz. 19.30 w opolskie katedrze rozbrzmiewa\u0107 b\u0119dzie muzyka organowa z cyklu <a class=\"more\" href=\"https:\/\/renowacja.katedraopolska.pl\/cz\/2021\/07\/19\/viii-koncert-z-serii-organowe-inspiracje-2\/\">Continue reading<\/a><\/div><\/div><\/div><\/div><div class=\"clearfix\"><\/div><\/div><\/div><div id=\"pagination\" class=\"clearfix\"><span class=\"current\">1<\/span><a href='https:\/\/renowacja.katedraopolska.pl\/cz\/wp-json\/wp\/v2\/pages\/4796\/page\/2\/' class=\"inactive\">2<\/a><a href='https:\/\/renowacja.katedraopolska.pl\/cz\/wp-json\/wp\/v2\/pages\/4796\/page\/3\/' class=\"inactive\">3<\/a><a href='https:\/\/renowacja.katedraopolska.pl\/cz\/wp-json\/wp\/v2\/pages\/4796\/page\/4\/' class=\"inactive\">4<\/a><a href='https:\/\/renowacja.katedraopolska.pl\/cz\/wp-json\/wp\/v2\/pages\/4796\/page\/5\/' class=\"inactive\">5<\/a><a class=\"next\" href=\"https:\/\/renowacja.katedraopolska.pl\/cz\/wp-json\/wp\/v2\/pages\/4796\/page\/2\/\">Next<\/a><\/div>[\/vc_column][\/vc_row]\n","protected":false},"excerpt":{"rendered":"<p>Szanowni Pa\u0144stwo.<\/p>\n<p>Ju\u017c po raz IX w niedziel\u0119 25.07.2021r. o godz. 19.30 w opolskie katedrze rozbrzmiewa\u0107 b\u0119dzie muzyka organowa z cyklu &#8222;Organowe Inspiracje &#8211; Muzyczna Trzynastka&#8220;.<\/p>\n<p>Muzyka organowa zachwyca swoim pi\u0119knem i bogactwem barw. Jej wyj\u0105tkowo\u015b\u0107 tkwi w instrumencie, jakim s\u0105 organy, z kt\u00f3rych arty\u015bci wydobywaj\u0105 d\u017awi\u0119ki, zaskakuj\u0105c zgromadzonych na koncercie s\u0142uchaczy. Z pewno\u015bci\u0105 dope\u0142nieniem tej wyj\u0105tkowej i podnios\u0142ej atmosfery jest r\u00f3wnie\u017c sacrum wn\u0119trza \u015bwi\u0105tyni, w kt\u00f3rej jest wykonywana.<\/p>\n<p>Wykonawc\u0105 koncertu organowego b\u0119dzie Pan Bogdan St\u0119pie\u0144. Szczeg\u00f3\u0142owe informacje odno\u015bnie koncertu odnajdziemy na plakacie w tym celu przygotowanym.<\/p>\n<p>Zapraszamy na koncert wszystkich mi\u0142o\u015bnik\u00f3w muzyki organowej<\/p>\n","protected":false},"author":1,"featured_media":0,"parent":0,"menu_order":0,"comment_status":"open","ping_status":"open","template":"page-nosidebar.php","meta":{"_acf_changed":false,"footnotes":""},"class_list":["post-4796","page","type-page","status-publish","hentry"],"acf":[],"_links":{"self":[{"href":"https:\/\/renowacja.katedraopolska.pl\/cz\/wp-json\/wp\/v2\/pages\/4796","targetHints":{"allow":["GET"]}}],"collection":[{"href":"https:\/\/renowacja.katedraopolska.pl\/cz\/wp-json\/wp\/v2\/pages"}],"about":[{"href":"https:\/\/renowacja.katedraopolska.pl\/cz\/wp-json\/wp\/v2\/types\/page"}],"author":[{"embeddable":true,"href":"https:\/\/renowacja.katedraopolska.pl\/cz\/wp-json\/wp\/v2\/users\/1"}],"replies":[{"embeddable":true,"href":"https:\/\/renowacja.katedraopolska.pl\/cz\/wp-json\/wp\/v2\/comments?post=4796"}],"version-history":[{"count":0,"href":"https:\/\/renowacja.katedraopolska.pl\/cz\/wp-json\/wp\/v2\/pages\/4796\/revisions"}],"wp:attachment":[{"href":"https:\/\/renowacja.katedraopolska.pl\/cz\/wp-json\/wp\/v2\/media?parent=4796"}],"curies":[{"name":"wp","href":"https:\/\/api.w.org\/{rel}","templated":true}]}}