{"id":23,"date":"2013-01-06T12:46:48","date_gmt":"2013-01-06T12:46:48","guid":{"rendered":"http:\/\/artstudioworks.net\/wordpress\/energy\/?page_id=23"},"modified":"2022-01-24T17:30:29","modified_gmt":"2022-01-24T16:30:29","slug":"kontakt","status":"publish","type":"page","link":"https:\/\/renowacja.katedraopolska.pl\/cz\/kontakt\/","title":{"rendered":"Kontakt"},"content":{"rendered":"[vc_row][vc_column width=\"1\/2\"]<div class=\"separator_block left\" style=\"margin-bottom:25px;\"><h3>Kontaktn\u00ed formul\u00e1\u0159<\/h3><div class=\"separator short\"><div class=\"separator_line\"><\/div><\/div><div class=\"clearfix\"><\/div><\/div>\n<div class=\"wpcf7 no-js\" id=\"wpcf7-f5823-o4\" lang=\"en-US\" dir=\"ltr\" data-wpcf7-id=\"5823\">\n<div class=\"screen-reader-response\"><p role=\"status\" aria-live=\"polite\" aria-atomic=\"true\"><\/p> <ul><\/ul><\/div>\n<form action=\"\/cz\/wp-json\/wp\/v2\/pages\/23#wpcf7-f5823-o4\" method=\"post\" class=\"wpcf7-form init\" aria-label=\"Contact form\" novalidate=\"novalidate\" data-status=\"init\">\n<fieldset class=\"hidden-fields-container\"><input type=\"hidden\" name=\"_wpcf7\" value=\"5823\" \/><input type=\"hidden\" name=\"_wpcf7_version\" value=\"6.1.5\" \/><input type=\"hidden\" name=\"_wpcf7_locale\" value=\"en_US\" \/><input type=\"hidden\" name=\"_wpcf7_unit_tag\" value=\"wpcf7-f5823-o4\" \/><input type=\"hidden\" name=\"_wpcf7_container_post\" value=\"0\" \/><input type=\"hidden\" name=\"_wpcf7_posted_data_hash\" value=\"\" \/>\n<\/fieldset>\n<p><div class=\"row\"><div class=\"one_half\"><span class=\"wpcf7-form-control-wrap\" data-name=\"your-name\"><input size=\"40\" maxlength=\"400\" class=\"wpcf7-form-control wpcf7-text wpcf7-validates-as-required input\" aria-required=\"true\" aria-invalid=\"false\" value=\"N\u00e1zev\" type=\"text\" name=\"your-name\" \/><\/span><\/div><div class=\"one_half\"><span class=\"wpcf7-form-control-wrap\" data-name=\"your-email\"><input size=\"40\" maxlength=\"400\" class=\"wpcf7-form-control wpcf7-email wpcf7-validates-as-required wpcf7-text wpcf7-validates-as-email input\" aria-required=\"true\" aria-invalid=\"false\" value=\"E-mail\" type=\"email\" name=\"your-email\" \/><\/span><\/div><\/div>\n<\/p>\n<p><span class=\"wpcf7-form-control-wrap\" data-name=\"your-subject\"><input size=\"40\" maxlength=\"400\" class=\"wpcf7-form-control wpcf7-text wpcf7-validates-as-required input\" aria-required=\"true\" aria-invalid=\"false\" value=\"T\u00e9ma\" type=\"text\" name=\"your-subject\" \/><\/span>\n<\/p>\n<p><span class=\"wpcf7-form-control-wrap\" data-name=\"your-message\"><textarea cols=\"40\" rows=\"10\" maxlength=\"2000\" class=\"wpcf7-form-control wpcf7-textarea input\" aria-invalid=\"false\" name=\"your-message\">Zpr\u00e1va<\/textarea><\/span>\n<\/p>\n<p><input class=\"wpcf7-form-control wpcf7-submit has-spinner button medium\" type=\"submit\" value=\"odeslat\" \/>\n<\/p><div class=\"wpcf7-response-output\" aria-hidden=\"true\"><\/div>\n<\/form>\n<\/div>\n[\/vc_column][vc_column width=\"1\/2\"]<div class=\"separator_block left\" style=\"margin-bottom:25px;\"><h3>Kontaktn\u00ed \u00fadaje<\/h3><div class=\"separator short\"><div class=\"separator_line\"><\/div><\/div><div class=\"clearfix\"><\/div><\/div>[vc_column_text]\n<h5>Katedr\u00e1ln\u00ed farnost Pov\u00fd\u0161en\u00ed Svat\u00e9ho K\u0159\u00ed\u017ee<\/h5>\n<p>adresa: pl. Katedralny 2, 45-007 Opole<br \/>\ne-mail:\u00a0<a href=\"mailto:kancelaria@katedra.opole.pl\">kancelaria@katedra.opole.pl |\u00a0<\/a><a href=\"mailto:renowacja@katedra.opole.pl\">renowacja@katedra.opole.pl<br \/>\n<\/a>tel: +48 77 454 25 79<\/p>\n<hr \/>\n<h3 style=\"text-align: left; font-size: 26px;\"><span style=\"color: #ffd962;\">Z \u00facty k minulosti,<br \/>\n<span style=\"color: #516fb4;\">postarejme se o budoucnost<\/span><\/span><\/h3>\n[\/vc_column_text][\/vc_column][\/vc_row]","protected":false},"excerpt":{"rendered":"<p>[vc_row][vc_column width=&#8220;1\/2&#8243;][\/vc_column][vc_column width=&#8220;1\/2&#8243;][vc_column_text]<\/p>\n<h5>Katedr\u00e1ln\u00ed farnost Pov\u00fd\u0161en\u00ed Svat\u00e9ho K\u0159\u00ed\u017ee<\/h5>\n<p>adresa: pl. Katedralny 2, 45-007 Opole<br \/>\ne-mail:\u00a0<a href=\"mailto:kancelaria@katedra.opole.pl\">kancelaria@katedra.opole.pl |\u00a0<\/a><a href=\"mailto:renowacja@katedra.opole.pl\">renowacja@katedra.opole.pl<br \/>\n<\/a>tel: +48 77 454 25 79<\/p>\n<hr \/>\n<h3 style=\"text-align: left; font-size: 26px;\"><span style=\"color: #ffd962;\">Z \u00facty k minulosti,<br \/>\n<span style=\"color: #516fb4;\">postarejme se o budoucnost<\/span><\/span><\/h3>\n<p>[\/vc_column_text][\/vc_column][\/vc_row]<\/p>\n","protected":false},"author":1,"featured_media":0,"parent":0,"menu_order":0,"comment_status":"closed","ping_status":"open","template":"page-contact.php","meta":{"_acf_changed":false,"footnotes":""},"class_list":["post-23","page","type-page","status-publish","hentry"],"acf":[],"_links":{"self":[{"href":"https:\/\/renowacja.katedraopolska.pl\/cz\/wp-json\/wp\/v2\/pages\/23","targetHints":{"allow":["GET"]}}],"collection":[{"href":"https:\/\/renowacja.katedraopolska.pl\/cz\/wp-json\/wp\/v2\/pages"}],"about":[{"href":"https:\/\/renowacja.katedraopolska.pl\/cz\/wp-json\/wp\/v2\/types\/page"}],"author":[{"embeddable":true,"href":"https:\/\/renowacja.katedraopolska.pl\/cz\/wp-json\/wp\/v2\/users\/1"}],"replies":[{"embeddable":true,"href":"https:\/\/renowacja.katedraopolska.pl\/cz\/wp-json\/wp\/v2\/comments?post=23"}],"version-history":[{"count":44,"href":"https:\/\/renowacja.katedraopolska.pl\/cz\/wp-json\/wp\/v2\/pages\/23\/revisions"}],"predecessor-version":[{"id":6885,"href":"https:\/\/renowacja.katedraopolska.pl\/cz\/wp-json\/wp\/v2\/pages\/23\/revisions\/6885"}],"wp:attachment":[{"href":"https:\/\/renowacja.katedraopolska.pl\/cz\/wp-json\/wp\/v2\/media?parent=23"}],"curies":[{"name":"wp","href":"https:\/\/api.w.org\/{rel}","templated":true}]}}